{"id":7111,"date":"2019-02-06T17:01:48","date_gmt":"2019-02-06T16:01:48","guid":{"rendered":"https:\/\/alpen-tour.at\/stage-4\/"},"modified":"2025-06-09T19:24:18","modified_gmt":"2025-06-09T17:24:18","slug":"stage-4","status":"publish","type":"page","link":"https:\/\/alpen-tour.at\/de\/stage-4\/","title":{"rendered":"Etappe  4"},"content":{"rendered":"<section class=\"l-section wpb_row height_medium\"><div class=\"l-section-h i-cf\"><div class=\"g-cols vc_row via_grid cols_1 laptops-cols_inherit tablets-cols_inherit mobiles-cols_1 valign_top type_default stacking_default\"><div class=\"wpb_column vc_column_container\"><div class=\"vc_column-inner\"><div class=\"g-cols wpb_row via_grid cols_1-2 laptops-cols_inherit tablets-cols_inherit mobiles-cols_1 valign_top type_default stacking_default\" style=\"--columns-gap:3rem;\"><div class=\"wpb_column vc_column_container\"><div class=\"vc_column-inner\"><div class=\"wpb_text_column\"><div class=\"wpb_wrapper\"><h2><strong>ETAPPE 04<br \/>\n<\/strong><\/h2>\n<div id=\"c293\" class=\"csc-default\">\n<h4><b>Planai Schafalm &#8211; Einzelzeitfahren<br \/>\n11 km\/1.100 Hm<\/b><\/h4>\n<\/div>\n<\/div><\/div><div class=\"w-separator size_medium\"><\/div><div class=\"wpb_text_column\"><div class=\"wpb_wrapper\"><h4 id=\"c293\" class=\"csc-default\"><strong>09:30 Einzelzeitfahren<\/strong><br \/>\nSchladming Hauptplatz<\/h4>\n<div class=\"csc-default\"><span class=\"tlid-translation translation\"><span class=\"\" title=\"\">Die Startreihenfolge f\u00fcr das Einzelzeitfahren findet in umgekehrter Reihenfolge statt. Die Letzten in der Gesamtwertung nach der 3. Etappe starten zuerst. Der\/die Schnellste startet als letzte(r) Fahrer:in.<\/span> <span class=\"\" title=\"\">Die Startzeiten der einzelnen Fahrer werden im Rennb\u00fcro ausgeh\u00e4ngt.<\/span><\/span><\/div>\n<div><\/div>\n<div>\n<p class=\"p1\"><b>08:00 &#8211; 10:00 <\/b><b>Gep\u00e4cktransport<br \/>\n<\/b>Bring dein Gep\u00e4ck ins Race Office Hohenhaus Tenne<br \/>\n(Kleidung f\u00fcrs Ziel Schafalm)<\/p>\n<p class=\"p1\"><b>ATTENTION SUPPORT<br \/>\n<\/b>Die Gondel vom Planai Stadion geht direkt zur Schafalm.<br \/>\nSOMMERCARD!!<\/p>\n<p class=\"p1\"><b>11:00 &#8211; 13:30 Pasta Party Schafalm<\/b><\/p>\n<p class=\"p1\"><b>13:30 Siegerehrung<br \/>\n<\/b>die ersten 3 aller Kategorien<\/p>\n<\/div>\n<div><\/div>\n<\/div><\/div><\/div><\/div><div class=\"wpb_column vc_column_container\"><div class=\"vc_column-inner\"><div class=\"w-separator size_medium\"><\/div><div class=\"w-image align_none\"><a ref=\"magnificPopup\" href=\"https:\/\/alpen-tour.at\/wp-content\/uploads\/2024\/06\/Map_Planai.jpg\" aria-label=\"Map_Planai\" class=\"w-image-h\"><img decoding=\"async\" width=\"2480\" height=\"1754\" src=\"https:\/\/alpen-tour.at\/wp-content\/uploads\/2024\/06\/Map_Planai.jpg\" class=\"attachment-full size-full\" alt=\"\" loading=\"lazy\" srcset=\"https:\/\/alpen-tour.at\/wp-content\/uploads\/2024\/06\/Map_Planai.jpg 2480w, https:\/\/alpen-tour.at\/wp-content\/uploads\/2024\/06\/Map_Planai-300x212.jpg 300w, https:\/\/alpen-tour.at\/wp-content\/uploads\/2024\/06\/Map_Planai-1024x724.jpg 1024w, https:\/\/alpen-tour.at\/wp-content\/uploads\/2024\/06\/Map_Planai-600x424.jpg 600w\" sizes=\"(max-width: 2480px) 100vw, 2480px\" \/><\/a><\/div><div class=\"w-separator size_medium\"><\/div><div class=\"w-image align_none\"><a ref=\"magnificPopup\" href=\"https:\/\/alpen-tour.at\/wp-content\/uploads\/2024\/06\/Profil_Planai.png\" aria-label=\"Profil_Planai\" class=\"w-image-h\"><img decoding=\"async\" width=\"726\" height=\"307\" src=\"https:\/\/alpen-tour.at\/wp-content\/uploads\/2024\/06\/Profil_Planai.png\" class=\"attachment-full size-full\" alt=\"\" loading=\"lazy\" srcset=\"https:\/\/alpen-tour.at\/wp-content\/uploads\/2024\/06\/Profil_Planai.png 726w, https:\/\/alpen-tour.at\/wp-content\/uploads\/2024\/06\/Profil_Planai-300x127.png 300w, https:\/\/alpen-tour.at\/wp-content\/uploads\/2024\/06\/Profil_Planai-600x254.png 600w\" sizes=\"(max-width: 726px) 100vw, 726px\" \/><\/a><\/div><\/div><\/div><\/div><\/div><\/div><\/div><\/div><\/section><section class=\"l-section wpb_row height_medium\"><div class=\"l-section-h i-cf\"><div class=\"g-cols vc_row via_grid cols_1 laptops-cols_inherit tablets-cols_inherit mobiles-cols_1 valign_top type_default stacking_default\"><div class=\"wpb_column vc_column_container\"><div class=\"vc_column-inner\">[vc_raw_html]JTNDaWZyYW1lJTIwc3JjJTNEJTIyaHR0cHMlM0ElMkYlMkZ3d3cuZ29vZ2xlLmNvbSUyRm1hcHMlMkZkJTJGZW1iZWQlM0ZtaWQlM0QxekdJSVpWS3ZKUllrd1hTLUZmdzBrNmlQTzh2cHZmcyUyNmVoYmMlM0QyRTMxMkYlMjIlMjB3aWR0aCUzRCUyMjEyNDAlMjIlMjBoZWlnaHQlM0QlMjI3ODAlMjIlM0UlM0MlMkZpZnJhbWUlM0U=[\/vc_raw_html]<\/div><\/div><\/div><\/div><\/section><section class=\"l-section wpb_row height_medium\"><div class=\"l-section-h i-cf\"><div class=\"g-cols vc_row via_grid cols_1 laptops-cols_inherit tablets-cols_inherit mobiles-cols_1 valign_top type_default stacking_default\"><div class=\"wpb_column vc_column_container\"><div class=\"vc_column-inner\"><div class=\"wpb_text_column\"><div class=\"wpb_wrapper\"><h4><strong>Etappenbeschreibung<\/strong><\/h4>\n<p><strong>4. Etappe<\/strong><strong> Einzelzeitfahren Rathaus in Schladming \u2013 Schafalm 13 Km \/ 1250 Hm<\/strong><\/p>\n<div>\n<p>Im letzten Einzelzeitfahren fiel oft die Entscheidung \u00fcber den Gesamtsieg. Wie bei allen Einzelzeitfahren erfolgt der Start in umgekehrter Reihenfolge. Die letzte Person in der Gesamtwertung startet zuerst und der F\u00fchrende der Gesamtwertung startet zuletzt. Das Rennen beginnt vor dem Rathaus, dann f\u00fchrt die Strecke einen Kilometer durch den Ort und weiter an einem Wildbach entlang in die Talbachschlucht hinein. Teilweise erfolgt die Route auf Single Trails aber auch auf gut fahrbaren Pfaden. Den letzten Kilometer zur 1.770 Meter hohen Schafalm f\u00fchrt die Stra\u00dfe \u00fcber freies Gel\u00e4nde mit Blick auf das Ziel. Die letzten 500 Meter sind extrem steil, aber die Anfeuerungsrufe der vielen Zuschauer lassen einen die Schmerzen vergessen. Der Panoramablick von der Terrasse auf die gegen\u00fcberliegende Bergkette mit dem Dachstein ist atemberaubend.<\/p>\n<\/div>\n<\/div><\/div><div class=\"w-separator size_medium\"><\/div><div class=\"w-grid us_grid type_masonry layout_gallery_default cols_3 preload_style_spinner with_isotope\" id=\"us_grid_1\" style=\"--columns:3;--gap:0rem;\" data-filterable=\"true\"><style>@media (max-width:1024px){#us_grid_1{--columns:2!important}}@media (max-width:600px){#us_grid_1{--columns:1!important}}.layout_gallery_default .w-grid-item-h{}<\/style><div class=\"w-grid-list\">\t<article class=\"w-grid-item size_1x1 post-13454 attachment type-attachment status-inherit hentry\" data-id=\"13454\">\r\n\t\t<div class=\"w-grid-item-h\">\r\n\t\t\t\t\t\t<div class=\"w-post-elm post_image usg_post_image_1 stretched\"><img loading=\"lazy\" decoding=\"async\" width=\"1024\" height=\"682\" src=\"https:\/\/alpen-tour.at\/wp-content\/uploads\/2023\/03\/Alpentourtrophy_26.-Juni-2022_40-1024x682.jpg\" class=\"attachment-large size-large\" alt=\"\" srcset=\"https:\/\/alpen-tour.at\/wp-content\/uploads\/2023\/03\/Alpentourtrophy_26.-Juni-2022_40-1024x682.jpg 1024w, https:\/\/alpen-tour.at\/wp-content\/uploads\/2023\/03\/Alpentourtrophy_26.-Juni-2022_40-300x200.jpg 300w, https:\/\/alpen-tour.at\/wp-content\/uploads\/2023\/03\/Alpentourtrophy_26.-Juni-2022_40-600x400.jpg 600w\" sizes=\"(max-width: 1024px) 100vw, 1024px\" \/><\/div>\t\t<\/div>\r\n\t\t\t<\/article>\r\n\t<article class=\"w-grid-item size_1x1 post-13452 attachment type-attachment status-inherit hentry\" data-id=\"13452\">\r\n\t\t<div class=\"w-grid-item-h\">\r\n\t\t\t\t\t\t<div class=\"w-post-elm post_image usg_post_image_1 stretched\"><img loading=\"lazy\" decoding=\"async\" width=\"1024\" height=\"682\" src=\"https:\/\/alpen-tour.at\/wp-content\/uploads\/2023\/03\/Alpentourtrophy_26.-Juni-2022_43-1024x682.jpg\" class=\"attachment-large size-large\" alt=\"\" srcset=\"https:\/\/alpen-tour.at\/wp-content\/uploads\/2023\/03\/Alpentourtrophy_26.-Juni-2022_43-1024x682.jpg 1024w, https:\/\/alpen-tour.at\/wp-content\/uploads\/2023\/03\/Alpentourtrophy_26.-Juni-2022_43-300x200.jpg 300w, https:\/\/alpen-tour.at\/wp-content\/uploads\/2023\/03\/Alpentourtrophy_26.-Juni-2022_43-600x400.jpg 600w\" sizes=\"(max-width: 1024px) 100vw, 1024px\" \/><\/div>\t\t<\/div>\r\n\t\t\t<\/article>\r\n\t<article class=\"w-grid-item size_1x1 post-13450 attachment type-attachment status-inherit hentry\" data-id=\"13450\">\r\n\t\t<div class=\"w-grid-item-h\">\r\n\t\t\t\t\t\t<div class=\"w-post-elm post_image usg_post_image_1 stretched\"><img loading=\"lazy\" decoding=\"async\" width=\"1024\" height=\"682\" src=\"https:\/\/alpen-tour.at\/wp-content\/uploads\/2023\/03\/Alpentourtrophy_26.-Juni-2022_39-1024x682.jpg\" class=\"attachment-large size-large\" alt=\"\" srcset=\"https:\/\/alpen-tour.at\/wp-content\/uploads\/2023\/03\/Alpentourtrophy_26.-Juni-2022_39-1024x682.jpg 1024w, https:\/\/alpen-tour.at\/wp-content\/uploads\/2023\/03\/Alpentourtrophy_26.-Juni-2022_39-300x200.jpg 300w, https:\/\/alpen-tour.at\/wp-content\/uploads\/2023\/03\/Alpentourtrophy_26.-Juni-2022_39-600x400.jpg 600w\" sizes=\"(max-width: 1024px) 100vw, 1024px\" \/><\/div>\t\t<\/div>\r\n\t\t\t<\/article>\r\n\t<article class=\"w-grid-item size_1x1 post-13448 attachment type-attachment status-inherit hentry\" data-id=\"13448\">\r\n\t\t<div class=\"w-grid-item-h\">\r\n\t\t\t\t\t\t<div class=\"w-post-elm post_image usg_post_image_1 stretched\"><img loading=\"lazy\" decoding=\"async\" width=\"1024\" height=\"682\" src=\"https:\/\/alpen-tour.at\/wp-content\/uploads\/2023\/03\/Alpentourtrophy_26.-Juni-2022_16-1024x682.jpg\" class=\"attachment-large size-large\" alt=\"\" srcset=\"https:\/\/alpen-tour.at\/wp-content\/uploads\/2023\/03\/Alpentourtrophy_26.-Juni-2022_16-1024x682.jpg 1024w, https:\/\/alpen-tour.at\/wp-content\/uploads\/2023\/03\/Alpentourtrophy_26.-Juni-2022_16-300x200.jpg 300w, https:\/\/alpen-tour.at\/wp-content\/uploads\/2023\/03\/Alpentourtrophy_26.-Juni-2022_16-600x400.jpg 600w\" sizes=\"(max-width: 1024px) 100vw, 1024px\" \/><\/div>\t\t<\/div>\r\n\t\t\t<\/article>\r\n\t<article class=\"w-grid-item size_1x1 post-13446 attachment type-attachment status-inherit hentry\" data-id=\"13446\">\r\n\t\t<div class=\"w-grid-item-h\">\r\n\t\t\t\t\t\t<div class=\"w-post-elm post_image usg_post_image_1 stretched\"><img loading=\"lazy\" decoding=\"async\" width=\"1024\" height=\"683\" src=\"https:\/\/alpen-tour.at\/wp-content\/uploads\/2023\/03\/Alpentour-st4-18-1024x683.jpg\" class=\"attachment-large size-large\" alt=\"\" srcset=\"https:\/\/alpen-tour.at\/wp-content\/uploads\/2023\/03\/Alpentour-st4-18-1024x683.jpg 1024w, https:\/\/alpen-tour.at\/wp-content\/uploads\/2023\/03\/Alpentour-st4-18-300x200.jpg 300w, https:\/\/alpen-tour.at\/wp-content\/uploads\/2023\/03\/Alpentour-st4-18-600x400.jpg 600w\" sizes=\"(max-width: 1024px) 100vw, 1024px\" \/><\/div>\t\t<\/div>\r\n\t\t\t<\/article>\r\n\t<article class=\"w-grid-item size_1x1 post-13444 attachment type-attachment status-inherit hentry\" data-id=\"13444\">\r\n\t\t<div class=\"w-grid-item-h\">\r\n\t\t\t\t\t\t<div class=\"w-post-elm post_image usg_post_image_1 stretched\"><img loading=\"lazy\" decoding=\"async\" width=\"1024\" height=\"683\" src=\"https:\/\/alpen-tour.at\/wp-content\/uploads\/2023\/03\/Alpentour-st4-16-1024x683.jpg\" class=\"attachment-large size-large\" alt=\"\" srcset=\"https:\/\/alpen-tour.at\/wp-content\/uploads\/2023\/03\/Alpentour-st4-16-1024x683.jpg 1024w, https:\/\/alpen-tour.at\/wp-content\/uploads\/2023\/03\/Alpentour-st4-16-300x200.jpg 300w, https:\/\/alpen-tour.at\/wp-content\/uploads\/2023\/03\/Alpentour-st4-16-600x400.jpg 600w\" sizes=\"(max-width: 1024px) 100vw, 1024px\" \/><\/div>\t\t<\/div>\r\n\t\t\t<\/article>\r\n\t<article class=\"w-grid-item size_1x1 post-13442 attachment type-attachment status-inherit hentry\" data-id=\"13442\">\r\n\t\t<div class=\"w-grid-item-h\">\r\n\t\t\t\t\t\t<div class=\"w-post-elm post_image usg_post_image_1 stretched\"><img loading=\"lazy\" decoding=\"async\" width=\"1024\" height=\"683\" src=\"https:\/\/alpen-tour.at\/wp-content\/uploads\/2023\/03\/Alpentour-st4-13-1024x683.jpg\" class=\"attachment-large size-large\" alt=\"\" srcset=\"https:\/\/alpen-tour.at\/wp-content\/uploads\/2023\/03\/Alpentour-st4-13-1024x683.jpg 1024w, https:\/\/alpen-tour.at\/wp-content\/uploads\/2023\/03\/Alpentour-st4-13-300x200.jpg 300w, https:\/\/alpen-tour.at\/wp-content\/uploads\/2023\/03\/Alpentour-st4-13-600x400.jpg 600w\" sizes=\"(max-width: 1024px) 100vw, 1024px\" \/><\/div>\t\t<\/div>\r\n\t\t\t<\/article>\r\n\t<article class=\"w-grid-item size_1x1 post-13440 attachment type-attachment status-inherit hentry\" data-id=\"13440\">\r\n\t\t<div class=\"w-grid-item-h\">\r\n\t\t\t\t\t\t<div class=\"w-post-elm post_image usg_post_image_1 stretched\"><img loading=\"lazy\" decoding=\"async\" width=\"1024\" height=\"683\" src=\"https:\/\/alpen-tour.at\/wp-content\/uploads\/2023\/03\/Alpentour-st4-11-1024x683.jpg\" class=\"attachment-large size-large\" alt=\"\" srcset=\"https:\/\/alpen-tour.at\/wp-content\/uploads\/2023\/03\/Alpentour-st4-11-1024x683.jpg 1024w, https:\/\/alpen-tour.at\/wp-content\/uploads\/2023\/03\/Alpentour-st4-11-300x200.jpg 300w, https:\/\/alpen-tour.at\/wp-content\/uploads\/2023\/03\/Alpentour-st4-11-600x400.jpg 600w\" sizes=\"(max-width: 1024px) 100vw, 1024px\" \/><\/div>\t\t<\/div>\r\n\t\t\t<\/article>\r\n\t<article class=\"w-grid-item size_1x1 post-13438 attachment type-attachment status-inherit hentry\" data-id=\"13438\">\r\n\t\t<div class=\"w-grid-item-h\">\r\n\t\t\t\t\t\t<div class=\"w-post-elm post_image usg_post_image_1 stretched\"><img loading=\"lazy\" decoding=\"async\" width=\"1024\" height=\"683\" src=\"https:\/\/alpen-tour.at\/wp-content\/uploads\/2023\/03\/Alpentour-st4-03-1024x683.jpg\" class=\"attachment-large size-large\" alt=\"\" srcset=\"https:\/\/alpen-tour.at\/wp-content\/uploads\/2023\/03\/Alpentour-st4-03-1024x683.jpg 1024w, https:\/\/alpen-tour.at\/wp-content\/uploads\/2023\/03\/Alpentour-st4-03-300x200.jpg 300w, https:\/\/alpen-tour.at\/wp-content\/uploads\/2023\/03\/Alpentour-st4-03-600x400.jpg 600w\" sizes=\"(max-width: 1024px) 100vw, 1024px\" \/><\/div>\t\t<\/div>\r\n\t\t\t<\/article>\r\n<\/div>\t<div class=\"w-grid-preloader\">\r\n\t\t<div class=\"g-preloader type_1\">\r\n\t\t\t<div><\/div>\r\n\t\t<\/div>\r\n\t<\/div>\r\n\t\t<div class=\"w-grid-json hidden\" onclick='return {&quot;action&quot;:&quot;us_ajax_grid&quot;,&quot;infinite_scroll&quot;:0,&quot;max_num_pages&quot;:1,&quot;pagination&quot;:&quot;none&quot;,&quot;template_vars&quot;:{&quot;columns&quot;:&quot;3&quot;,&quot;exclude_items&quot;:&quot;none&quot;,&quot;img_size&quot;:&quot;default&quot;,&quot;ignore_items_size&quot;:0,&quot;items_layout&quot;:&quot;gallery_default&quot;,&quot;items_offset&quot;:&quot;1&quot;,&quot;load_animation&quot;:&quot;none&quot;,&quot;overriding_link&quot;:&quot;{\\&quot;url\\&quot;:\\&quot;\\&quot;}&quot;,&quot;post_id&quot;:0,&quot;query_args&quot;:{&quot;post_type&quot;:[&quot;attachment&quot;],&quot;post__in&quot;:[&quot;13437&quot;,&quot;13439&quot;,&quot;13441&quot;,&quot;13443&quot;,&quot;13445&quot;,&quot;13447&quot;,&quot;13449&quot;,&quot;13451&quot;,&quot;13453&quot;],&quot;post_status&quot;:&quot;inherit&quot;,&quot;post_mime_type&quot;:&quot;image&quot;,&quot;posts_per_page&quot;:&quot;12&quot;},&quot;orderby_query_args&quot;:{&quot;orderby&quot;:{&quot;date&quot;:&quot;DESC&quot;}},&quot;type&quot;:&quot;masonry&quot;,&quot;us_grid_post_type&quot;:&quot;attachment&quot;,&quot;us_grid_ajax_index&quot;:1,&quot;us_grid_filter_query_string&quot;:null,&quot;us_grid_index&quot;:1,&quot;page_args&quot;:[],&quot;lang&quot;:&quot;de&quot;}}'><\/div>\r\n\t<\/div><\/div><\/div><\/div><\/div><\/section>\n","protected":false},"excerpt":{"rendered":"","protected":false},"author":1,"featured_media":0,"parent":0,"menu_order":34,"comment_status":"closed","ping_status":"closed","template":"","meta":{"footnotes":""},"class_list":["post-7111","page","type-page","status-publish","hentry"],"_links":{"self":[{"href":"https:\/\/alpen-tour.at\/de\/wp-json\/wp\/v2\/pages\/7111"}],"collection":[{"href":"https:\/\/alpen-tour.at\/de\/wp-json\/wp\/v2\/pages"}],"about":[{"href":"https:\/\/alpen-tour.at\/de\/wp-json\/wp\/v2\/types\/page"}],"author":[{"embeddable":true,"href":"https:\/\/alpen-tour.at\/de\/wp-json\/wp\/v2\/users\/1"}],"replies":[{"embeddable":true,"href":"https:\/\/alpen-tour.at\/de\/wp-json\/wp\/v2\/comments?post=7111"}],"version-history":[{"count":35,"href":"https:\/\/alpen-tour.at\/de\/wp-json\/wp\/v2\/pages\/7111\/revisions"}],"predecessor-version":[{"id":24465,"href":"https:\/\/alpen-tour.at\/de\/wp-json\/wp\/v2\/pages\/7111\/revisions\/24465"}],"wp:attachment":[{"href":"https:\/\/alpen-tour.at\/de\/wp-json\/wp\/v2\/media?parent=7111"}],"curies":[{"name":"wp","href":"https:\/\/api.w.org\/{rel}","templated":true}]}}