{"id":7109,"date":"2019-02-06T16:57:56","date_gmt":"2019-02-06T15:57:56","guid":{"rendered":"https:\/\/alpen-tour.at\/stage-3\/"},"modified":"2025-06-21T20:34:53","modified_gmt":"2025-06-21T18:34:53","slug":"stage-1","status":"publish","type":"page","link":"https:\/\/alpen-tour.at\/de\/stage-1\/","title":{"rendered":"Etappe 1"},"content":{"rendered":"<section class=\"l-section wpb_row height_medium\"><div class=\"l-section-h i-cf\"><div class=\"g-cols vc_row via_grid cols_1 laptops-cols_inherit tablets-cols_inherit mobiles-cols_1 valign_top type_default stacking_default\"><div class=\"wpb_column vc_column_container\"><div class=\"vc_column-inner\"><div class=\"g-cols wpb_row via_grid cols_1-2 laptops-cols_inherit tablets-cols_inherit mobiles-cols_1 valign_top type_default stacking_default\" style=\"--columns-gap:3rem;\"><div class=\"wpb_column vc_column_container\"><div class=\"vc_column-inner\"><div class=\"wpb_text_column\"><div class=\"wpb_wrapper\"><h2><strong>ETAPPE 01<br \/>\n<\/strong><\/h2>\n<div id=\"c293\" class=\"csc-default\">\n<h4><b>Hauser Kaibling<br \/>\n60 km\/2130 Hm<\/b><\/h4>\n<\/div>\n<\/div><\/div><div class=\"w-separator size_medium\"><\/div><div class=\"wpb_text_column\"><div class=\"wpb_wrapper\"><h4><strong>INFO BETREUER &amp; TEAM MANAGER<br \/>\n<\/strong><\/h4>\n<div id=\"c293\" class=\"csc-default\">\n<p><strong>TFZ 1 Haus im ENNSTAL KM 21,0<\/strong><br \/>\nParking Lift Station Hauser Kaibling Bahn<br \/>\nNAVI: Hauser Kaibling<br \/>\n47\u00b024\u201841.47\u201cN \/ 13\u00b046\u201853.71\u201cE<\/p>\n<p><strong>TFZ 2 Krummholz H\u00fctte KM 42,2<\/strong><br \/>\nCabel car station &#8222;TAUERN SEILBAHN&#8220;<br \/>\nNAVI: Kaiblingstra\u00dfe 118, 8967 Haus<br \/>\n47\u00b024\u201822.22\u201cN \/ 13\u00b045\u201858.95\u201cE<br \/>\nACHTUNG!! Die Seilbahn hat nur eine Kapazit\u00e4t von 80 Personen\/h. Sommercard nicht vergessen!<\/p>\n<\/div>\n<\/div><\/div><div class=\"w-separator size_small\"><\/div><div class=\"wpb_text_column\"><div class=\"wpb_wrapper\"><h4 class=\"p1\"><b>Time Limit<\/b><\/h4>\n<p class=\"p1\">TFZ1: 11:30<br \/>\nFINISH: 16:00 (<span class=\"s1\">\u00f8 <\/span>10,0 km\/h)<\/p>\n<\/div><\/div><div class=\"w-separator size_small\"><\/div><div class=\"wpb_text_column\"><div class=\"wpb_wrapper\"><h4 class=\"p1\"><b>Zeiten bei \u00d8 23 km\/h<\/b><\/h4>\n<ul>\n<li class=\"p2\"><span class=\"s1\"><b>Lodenwalker <\/b><\/span>9,5 km \/ 10:24 Uhr<\/li>\n<li class=\"p3\"><b>TFZ 1 Hauser Kaibling<\/b><span class=\"s2\"> 21,0 km \/ 10:54 Uhr<\/span><\/li>\n<li class=\"p2\"><span class=\"s1\"><b>Bodensee Parkplatz<\/b><\/span> 28,9 km \/ 11:15 Uhr<\/li>\n<li class=\"p2\"><span class=\"s1\"><b>Knappl H\u00fctte <\/b><\/span>36,8 km \/ 11:36 Uhr<\/li>\n<li class=\"p3\"><b>TFZ 2 Krommholzh\u00fctte<\/b><span class=\"s2\"> 42,2 \/ 11:50 Uhr<\/span><\/li>\n<li class=\"p2\"><span class=\"s1\"><b>Kessleralm <\/b><\/span>54,0 km \/ 12:20 Uhr<\/li>\n<li class=\"p2\"><span class=\"s1\"><b>Start Downhill<\/b><\/span> 58,9 km \/ 12:33 Uhr<\/li>\n<li class=\"p2\"><span class=\"s1\"><b>Ziel <\/b><\/span>60,00 km \/ 12:36 Uhr<\/li>\n<\/ul>\n<\/div><\/div><\/div><\/div><div class=\"wpb_column vc_column_container\"><div class=\"vc_column-inner\"><div class=\"w-separator size_medium\"><\/div><div class=\"w-image align_center\"><a ref=\"magnificPopup\" href=\"https:\/\/alpen-tour.at\/wp-content\/uploads\/2025\/06\/Maps_Alpentour_HAUS.jpg\" aria-label=\"Maps_Alpentour_HAUS\" class=\"w-image-h\"><img decoding=\"async\" width=\"1654\" height=\"1169\" src=\"https:\/\/alpen-tour.at\/wp-content\/uploads\/2025\/06\/Maps_Alpentour_HAUS.jpg\" class=\"attachment-full size-full\" alt=\"\" loading=\"lazy\" srcset=\"https:\/\/alpen-tour.at\/wp-content\/uploads\/2025\/06\/Maps_Alpentour_HAUS.jpg 1654w, https:\/\/alpen-tour.at\/wp-content\/uploads\/2025\/06\/Maps_Alpentour_HAUS-300x212.jpg 300w, https:\/\/alpen-tour.at\/wp-content\/uploads\/2025\/06\/Maps_Alpentour_HAUS-1024x724.jpg 1024w, https:\/\/alpen-tour.at\/wp-content\/uploads\/2025\/06\/Maps_Alpentour_HAUS-600x424.jpg 600w\" sizes=\"(max-width: 1654px) 100vw, 1654px\" \/><\/a><\/div><div class=\"w-separator size_medium\"><\/div><div class=\"w-image align_center\"><a ref=\"magnificPopup\" href=\"https:\/\/alpen-tour.at\/wp-content\/uploads\/2024\/06\/Profile_Hauser_Keibling.png\" aria-label=\"Profile_Hauser_Kaibling\" class=\"w-image-h\"><img decoding=\"async\" width=\"1118\" height=\"459\" src=\"https:\/\/alpen-tour.at\/wp-content\/uploads\/2024\/06\/Profile_Hauser_Keibling.png\" class=\"attachment-full size-full\" alt=\"\" loading=\"lazy\" srcset=\"https:\/\/alpen-tour.at\/wp-content\/uploads\/2024\/06\/Profile_Hauser_Keibling.png 1118w, https:\/\/alpen-tour.at\/wp-content\/uploads\/2024\/06\/Profile_Hauser_Keibling-300x123.png 300w, https:\/\/alpen-tour.at\/wp-content\/uploads\/2024\/06\/Profile_Hauser_Keibling-1024x420.png 1024w, https:\/\/alpen-tour.at\/wp-content\/uploads\/2024\/06\/Profile_Hauser_Keibling-600x246.png 600w\" sizes=\"(max-width: 1118px) 100vw, 1118px\" \/><\/a><\/div><\/div><\/div><\/div><div class=\"w-separator size_medium\"><\/div><div class=\"wpb_text_column\"><div class=\"wpb_wrapper\"><h4><strong>Etappenbeschreibung<\/strong><\/h4>\n<p><strong>1. Etappe<\/strong> <strong>Schladming \u2013 Hauser Kaibling \u2013 Schladming<\/strong><\/p>\n<p>Die Alpentour startet ein letztes Mal vom Hauptplatz und wie in den ersten beiden Etappen wird das Rennen bis zum Ortsausgang neutralisiert, wo der Rennleiter das Startsignal gibt. Die Etappe wirkt mit ihren 55 km auf den ersten Blick einfach, hat es aber dennoch in sich. Es geht zun\u00e4chst entlang der Enns auf sch\u00f6nen Trails bis zur ersten Verpflegungsstation in Haus im Ennstal, 250 H\u00f6henmeter und 18,6 km m\u00fcssen zur\u00fcckgelegt werden. Von nun an geht es bergauf und es ist sehr lang, genau 18,5 km und 1.240 Hm bis zur zweiten Verpflegungsstation und der Bergwertung an der Krummholzh\u00fctte auf 1.840m Seeh\u00f6he. Sicherlich der l\u00e4ngste Anstieg der Alpentour Trophy. Die durchschnittliche Fahrzeit betr\u00e4gt 1 Stunde 30 Minuten. Die Abfahrt vom Hauser Kaibling bis zum Ziel beim Planai-Stadion ist fast so lang wie der Aufstieg, meist auf sch\u00f6nen Trails, nur ein kurzer Anstieg bei km 48 st\u00f6rt die entspannte Abfahrt. Wie schon an den Tagen zuvor gilt es erneut die steile und technische Piste der Planai zu meistern, auf der Weltcup-Skifahrer im Winter mit Highspeed ins Tal sausen.<\/p>\n<\/div><\/div><div class=\"w-separator size_medium\"><\/div><div class=\"w-grid us_grid type_masonry layout_gallery_default cols_3 preload_style_spinner with_isotope\" id=\"us_grid_1\" style=\"--columns:3;--gap:0rem;\" data-filterable=\"true\"><style>@media (max-width:1024px){#us_grid_1{--columns:2!important}}@media (max-width:600px){#us_grid_1{--columns:1!important}}.layout_gallery_default .w-grid-item-h{}<\/style><div class=\"w-grid-list\">\t<article class=\"w-grid-item size_1x1 post-13434 attachment type-attachment status-inherit hentry\" data-id=\"13434\">\r\n\t\t<div class=\"w-grid-item-h\">\r\n\t\t\t\t\t\t<div class=\"w-post-elm post_image usg_post_image_1 stretched\"><img loading=\"lazy\" decoding=\"async\" width=\"1024\" height=\"680\" src=\"https:\/\/alpen-tour.at\/wp-content\/uploads\/2023\/03\/Alpentourtrophy_25.-Juni-2022_23-1024x680.jpg\" class=\"attachment-large size-large\" alt=\"\" srcset=\"https:\/\/alpen-tour.at\/wp-content\/uploads\/2023\/03\/Alpentourtrophy_25.-Juni-2022_23-1024x680.jpg 1024w, https:\/\/alpen-tour.at\/wp-content\/uploads\/2023\/03\/Alpentourtrophy_25.-Juni-2022_23-300x199.jpg 300w, https:\/\/alpen-tour.at\/wp-content\/uploads\/2023\/03\/Alpentourtrophy_25.-Juni-2022_23-600x398.jpg 600w\" sizes=\"(max-width: 1024px) 100vw, 1024px\" \/><\/div>\t\t<\/div>\r\n\t\t\t<\/article>\r\n\t<article class=\"w-grid-item size_1x1 post-13432 attachment type-attachment status-inherit hentry\" data-id=\"13432\">\r\n\t\t<div class=\"w-grid-item-h\">\r\n\t\t\t\t\t\t<div class=\"w-post-elm post_image usg_post_image_1 stretched\"><img loading=\"lazy\" decoding=\"async\" width=\"1024\" height=\"682\" src=\"https:\/\/alpen-tour.at\/wp-content\/uploads\/2023\/03\/Alpentourtrophy_25.-Juni-2022_10-1024x682.jpg\" class=\"attachment-large size-large\" alt=\"\" srcset=\"https:\/\/alpen-tour.at\/wp-content\/uploads\/2023\/03\/Alpentourtrophy_25.-Juni-2022_10-1024x682.jpg 1024w, https:\/\/alpen-tour.at\/wp-content\/uploads\/2023\/03\/Alpentourtrophy_25.-Juni-2022_10-300x200.jpg 300w, https:\/\/alpen-tour.at\/wp-content\/uploads\/2023\/03\/Alpentourtrophy_25.-Juni-2022_10-600x400.jpg 600w\" sizes=\"(max-width: 1024px) 100vw, 1024px\" \/><\/div>\t\t<\/div>\r\n\t\t\t<\/article>\r\n\t<article class=\"w-grid-item size_1x1 post-13430 attachment type-attachment status-inherit hentry\" data-id=\"13430\">\r\n\t\t<div class=\"w-grid-item-h\">\r\n\t\t\t\t\t\t<div class=\"w-post-elm post_image usg_post_image_1 stretched\"><img loading=\"lazy\" decoding=\"async\" width=\"1024\" height=\"682\" src=\"https:\/\/alpen-tour.at\/wp-content\/uploads\/2023\/03\/Alpentourtrophy_25.-Juni-2022_33-1024x682.jpg\" class=\"attachment-large size-large\" alt=\"\" srcset=\"https:\/\/alpen-tour.at\/wp-content\/uploads\/2023\/03\/Alpentourtrophy_25.-Juni-2022_33-1024x682.jpg 1024w, https:\/\/alpen-tour.at\/wp-content\/uploads\/2023\/03\/Alpentourtrophy_25.-Juni-2022_33-300x200.jpg 300w, https:\/\/alpen-tour.at\/wp-content\/uploads\/2023\/03\/Alpentourtrophy_25.-Juni-2022_33-600x400.jpg 600w\" sizes=\"(max-width: 1024px) 100vw, 1024px\" \/><\/div>\t\t<\/div>\r\n\t\t\t<\/article>\r\n\t<article class=\"w-grid-item size_1x1 post-13428 attachment type-attachment status-inherit hentry\" data-id=\"13428\">\r\n\t\t<div class=\"w-grid-item-h\">\r\n\t\t\t\t\t\t<div class=\"w-post-elm post_image usg_post_image_1 stretched\"><img loading=\"lazy\" decoding=\"async\" width=\"1024\" height=\"683\" src=\"https:\/\/alpen-tour.at\/wp-content\/uploads\/2023\/03\/Alpentour-st3-39-1024x683.jpg\" class=\"attachment-large size-large\" alt=\"\" srcset=\"https:\/\/alpen-tour.at\/wp-content\/uploads\/2023\/03\/Alpentour-st3-39-1024x683.jpg 1024w, https:\/\/alpen-tour.at\/wp-content\/uploads\/2023\/03\/Alpentour-st3-39-300x200.jpg 300w, https:\/\/alpen-tour.at\/wp-content\/uploads\/2023\/03\/Alpentour-st3-39-600x400.jpg 600w\" sizes=\"(max-width: 1024px) 100vw, 1024px\" \/><\/div>\t\t<\/div>\r\n\t\t\t<\/article>\r\n\t<article class=\"w-grid-item size_1x1 post-13426 attachment type-attachment status-inherit hentry\" data-id=\"13426\">\r\n\t\t<div class=\"w-grid-item-h\">\r\n\t\t\t\t\t\t<div class=\"w-post-elm post_image usg_post_image_1 stretched\"><img loading=\"lazy\" decoding=\"async\" width=\"1024\" height=\"683\" src=\"https:\/\/alpen-tour.at\/wp-content\/uploads\/2023\/03\/Alpentour-st3-24-1024x683.jpg\" class=\"attachment-large size-large\" alt=\"\" srcset=\"https:\/\/alpen-tour.at\/wp-content\/uploads\/2023\/03\/Alpentour-st3-24-1024x683.jpg 1024w, https:\/\/alpen-tour.at\/wp-content\/uploads\/2023\/03\/Alpentour-st3-24-300x200.jpg 300w, https:\/\/alpen-tour.at\/wp-content\/uploads\/2023\/03\/Alpentour-st3-24-600x400.jpg 600w\" sizes=\"(max-width: 1024px) 100vw, 1024px\" \/><\/div>\t\t<\/div>\r\n\t\t\t<\/article>\r\n\t<article class=\"w-grid-item size_1x1 post-13424 attachment type-attachment status-inherit hentry\" data-id=\"13424\">\r\n\t\t<div class=\"w-grid-item-h\">\r\n\t\t\t\t\t\t<div class=\"w-post-elm post_image usg_post_image_1 stretched\"><img loading=\"lazy\" decoding=\"async\" width=\"1024\" height=\"683\" src=\"https:\/\/alpen-tour.at\/wp-content\/uploads\/2023\/03\/Alpentour-st3-10-1024x683.jpg\" class=\"attachment-large size-large\" alt=\"\" srcset=\"https:\/\/alpen-tour.at\/wp-content\/uploads\/2023\/03\/Alpentour-st3-10-1024x683.jpg 1024w, https:\/\/alpen-tour.at\/wp-content\/uploads\/2023\/03\/Alpentour-st3-10-300x200.jpg 300w, https:\/\/alpen-tour.at\/wp-content\/uploads\/2023\/03\/Alpentour-st3-10-600x400.jpg 600w\" sizes=\"(max-width: 1024px) 100vw, 1024px\" \/><\/div>\t\t<\/div>\r\n\t\t\t<\/article>\r\n\t<article class=\"w-grid-item size_1x1 post-13422 attachment type-attachment status-inherit hentry\" data-id=\"13422\">\r\n\t\t<div class=\"w-grid-item-h\">\r\n\t\t\t\t\t\t<div class=\"w-post-elm post_image usg_post_image_1 stretched\"><img loading=\"lazy\" decoding=\"async\" width=\"1024\" height=\"683\" src=\"https:\/\/alpen-tour.at\/wp-content\/uploads\/2023\/03\/Alpentour-st3-44-1024x683.jpg\" class=\"attachment-large size-large\" alt=\"\" srcset=\"https:\/\/alpen-tour.at\/wp-content\/uploads\/2023\/03\/Alpentour-st3-44-1024x683.jpg 1024w, https:\/\/alpen-tour.at\/wp-content\/uploads\/2023\/03\/Alpentour-st3-44-300x200.jpg 300w, https:\/\/alpen-tour.at\/wp-content\/uploads\/2023\/03\/Alpentour-st3-44-600x400.jpg 600w\" sizes=\"(max-width: 1024px) 100vw, 1024px\" \/><\/div>\t\t<\/div>\r\n\t\t\t<\/article>\r\n\t<article class=\"w-grid-item size_1x1 post-13420 attachment type-attachment status-inherit hentry\" data-id=\"13420\">\r\n\t\t<div class=\"w-grid-item-h\">\r\n\t\t\t\t\t\t<div class=\"w-post-elm post_image usg_post_image_1 stretched\"><img loading=\"lazy\" decoding=\"async\" width=\"1024\" height=\"683\" src=\"https:\/\/alpen-tour.at\/wp-content\/uploads\/2023\/03\/Alpentour-st3-15-1024x683.jpg\" class=\"attachment-large size-large\" alt=\"\" srcset=\"https:\/\/alpen-tour.at\/wp-content\/uploads\/2023\/03\/Alpentour-st3-15-1024x683.jpg 1024w, https:\/\/alpen-tour.at\/wp-content\/uploads\/2023\/03\/Alpentour-st3-15-300x200.jpg 300w, https:\/\/alpen-tour.at\/wp-content\/uploads\/2023\/03\/Alpentour-st3-15-600x400.jpg 600w\" sizes=\"(max-width: 1024px) 100vw, 1024px\" \/><\/div>\t\t<\/div>\r\n\t\t\t<\/article>\r\n\t<article class=\"w-grid-item size_1x1 post-13418 attachment type-attachment status-inherit hentry\" data-id=\"13418\">\r\n\t\t<div class=\"w-grid-item-h\">\r\n\t\t\t\t\t\t<div class=\"w-post-elm post_image usg_post_image_1 stretched\"><img loading=\"lazy\" decoding=\"async\" width=\"1024\" height=\"683\" src=\"https:\/\/alpen-tour.at\/wp-content\/uploads\/2023\/03\/Alpentour-st3-09-1024x683.jpg\" class=\"attachment-large size-large\" alt=\"\" srcset=\"https:\/\/alpen-tour.at\/wp-content\/uploads\/2023\/03\/Alpentour-st3-09-1024x683.jpg 1024w, https:\/\/alpen-tour.at\/wp-content\/uploads\/2023\/03\/Alpentour-st3-09-300x200.jpg 300w, https:\/\/alpen-tour.at\/wp-content\/uploads\/2023\/03\/Alpentour-st3-09-600x400.jpg 600w\" sizes=\"(max-width: 1024px) 100vw, 1024px\" \/><\/div>\t\t<\/div>\r\n\t\t\t<\/article>\r\n<\/div>\t<div class=\"w-grid-preloader\">\r\n\t\t<div class=\"g-preloader type_1\">\r\n\t\t\t<div><\/div>\r\n\t\t<\/div>\r\n\t<\/div>\r\n\t\t<div class=\"w-grid-json hidden\" onclick='return {&quot;action&quot;:&quot;us_ajax_grid&quot;,&quot;infinite_scroll&quot;:0,&quot;max_num_pages&quot;:1,&quot;pagination&quot;:&quot;none&quot;,&quot;template_vars&quot;:{&quot;columns&quot;:&quot;3&quot;,&quot;exclude_items&quot;:&quot;none&quot;,&quot;img_size&quot;:&quot;default&quot;,&quot;ignore_items_size&quot;:0,&quot;items_layout&quot;:&quot;gallery_default&quot;,&quot;items_offset&quot;:&quot;1&quot;,&quot;load_animation&quot;:&quot;none&quot;,&quot;overriding_link&quot;:&quot;{\\&quot;url\\&quot;:\\&quot;\\&quot;}&quot;,&quot;post_id&quot;:0,&quot;query_args&quot;:{&quot;post_type&quot;:[&quot;attachment&quot;],&quot;post__in&quot;:[&quot;13417&quot;,&quot;13419&quot;,&quot;13421&quot;,&quot;13423&quot;,&quot;13425&quot;,&quot;13427&quot;,&quot;13429&quot;,&quot;13431&quot;,&quot;13433&quot;],&quot;post_status&quot;:&quot;inherit&quot;,&quot;post_mime_type&quot;:&quot;image&quot;,&quot;posts_per_page&quot;:&quot;12&quot;},&quot;orderby_query_args&quot;:{&quot;orderby&quot;:{&quot;date&quot;:&quot;DESC&quot;}},&quot;type&quot;:&quot;masonry&quot;,&quot;us_grid_post_type&quot;:&quot;attachment&quot;,&quot;us_grid_ajax_index&quot;:1,&quot;us_grid_filter_query_string&quot;:null,&quot;us_grid_index&quot;:1,&quot;page_args&quot;:[],&quot;lang&quot;:&quot;de&quot;}}'><\/div>\r\n\t<\/div><\/div><\/div><\/div><\/div><\/section><section class=\"l-section wpb_row height_medium\"><div class=\"l-section-h i-cf\"><div class=\"g-cols vc_row via_grid cols_1 laptops-cols_inherit tablets-cols_inherit mobiles-cols_1 valign_top type_default stacking_default\"><div class=\"wpb_column vc_column_container\"><div class=\"vc_column-inner\"><\/div><\/div><\/div><\/div><\/section>\n","protected":false},"excerpt":{"rendered":"","protected":false},"author":1,"featured_media":0,"parent":0,"menu_order":33,"comment_status":"closed","ping_status":"closed","template":"","meta":{"footnotes":""},"class_list":["post-7109","page","type-page","status-publish","hentry"],"_links":{"self":[{"href":"https:\/\/alpen-tour.at\/de\/wp-json\/wp\/v2\/pages\/7109"}],"collection":[{"href":"https:\/\/alpen-tour.at\/de\/wp-json\/wp\/v2\/pages"}],"about":[{"href":"https:\/\/alpen-tour.at\/de\/wp-json\/wp\/v2\/types\/page"}],"author":[{"embeddable":true,"href":"https:\/\/alpen-tour.at\/de\/wp-json\/wp\/v2\/users\/1"}],"replies":[{"embeddable":true,"href":"https:\/\/alpen-tour.at\/de\/wp-json\/wp\/v2\/comments?post=7109"}],"version-history":[{"count":42,"href":"https:\/\/alpen-tour.at\/de\/wp-json\/wp\/v2\/pages\/7109\/revisions"}],"predecessor-version":[{"id":32373,"href":"https:\/\/alpen-tour.at\/de\/wp-json\/wp\/v2\/pages\/7109\/revisions\/32373"}],"wp:attachment":[{"href":"https:\/\/alpen-tour.at\/de\/wp-json\/wp\/v2\/media?parent=7109"}],"curies":[{"name":"wp","href":"https:\/\/api.w.org\/{rel}","templated":true}]}}