{"id":7093,"date":"2019-02-06T19:36:12","date_gmt":"2019-02-06T18:36:12","guid":{"rendered":"https:\/\/alpen-tour.at\/support-packages\/"},"modified":"2024-09-25T15:25:58","modified_gmt":"2024-09-25T13:25:58","slug":"support-packages","status":"publish","type":"page","link":"https:\/\/alpen-tour.at\/de\/support-packages\/","title":{"rendered":"Betreuer Package"},"content":{"rendered":"<section class=\"l-section wpb_row height_medium\"><div class=\"l-section-h i-cf\"><div class=\"g-cols vc_row via_grid cols_1 laptops-cols_inherit tablets-cols_inherit mobiles-cols_1 valign_top type_default stacking_default\"><div class=\"wpb_column vc_column_container\"><div class=\"vc_column-inner\"><div class=\"wpb_text_column\"><div class=\"wpb_wrapper\"><h1 style=\"text-align: center;\">Betreuer:innen <span style=\"color: #a7c21f;\">Package<\/span><\/h1>\n<\/div><\/div><\/div><\/div><\/div><\/div><\/section><section class=\"l-section wpb_row height_auto\"><div class=\"l-section-h i-cf\"><div class=\"g-cols vc_row via_grid cols_2 laptops-cols_inherit tablets-cols_inherit mobiles-cols_1 valign_middle type_boxes stacking_default\"><div class=\"wpb_column vc_column_container us_custom_a7fc322f has_bg_color\"><div class=\"vc_column-inner\"><div class=\"w-separator size_custom\" style=\"height:320px\"><\/div><\/div><\/div><div class=\"wpb_column vc_column_container\"><div class=\"vc_column-inner\"><div class=\"wpb_text_column\"><div class=\"wpb_wrapper\"><h5><b>Package f\u00fcr Betreuer:innen und Team Manager:innen<br \/>\n<\/b><\/h5>\n<p class=\"text\"><span class=\"tlid-translation translation\"><span title=\"\">Jeder\/e Teilnehmer:in hat die M\u00f6glichkeit Betreuer:innen bzw. Begleitpersonen oder Team Manager:innen zu akkreditieren. Die Akkreditierung ist nicht zwingend vorgeschrieben.<\/span> Das Betreuen bei den<span class=\"\" title=\"\"> TFZ (Technical Feed Zones) ist auch ohne Akkreditierung m\u00f6glich.<\/span> Das Betreuerpaket kann <span class=\"\" title=\"\">bei der Registrierung in Schladming gekauft werden. Au\u00dferdem ist es m\u00f6glich Einzeleintritte f\u00fcr Euro 35,- f\u00fcr Donnerstag, Freitag und Samstag direkt beim Eingang in der Hohenhaustenne zu kaufen.\u00a0<\/span><\/span><\/p>\n<p class=\"text\"><b>Betreuer Package:\u00a0 Euro 125.-<\/b><\/p>\n<ul>\n<li>Alpentour T-Shirt<\/li>\n<li>3 x Abendessen (Hohenhaustenne) inkl. Videohighlights und Fotos vom Tag<\/li>\n<li>Pasta Party nach der letzten Etappe (Schafalm)<\/li>\n<li>Offizielles Tourprogramm<\/li>\n<li>Aufkleber f\u00fcr das Auto: \u201eTEAM MANAGER ALPENTOUR\u201c<\/li>\n<li>Verlosung: Dirndl\/Lederhosen bei Steirischen Abend<\/li>\n<\/ul>\n<\/div><\/div><\/div><\/div><\/div><\/div><\/section>\n","protected":false},"excerpt":{"rendered":"Betreuer:innen Package Package f\u00fcr Betreuer:innen und Team Manager:innen Jeder\/e Teilnehmer:in hat die M\u00f6glichkeit Betreuer:innen bzw. Begleitpersonen oder Team Manager:innen zu akkreditieren. Die Akkreditierung ist nicht zwingend vorgeschrieben. Das Betreuen bei den TFZ (Technical Feed Zones) ist auch ohne Akkreditierung m\u00f6glich. Das Betreuerpaket kann bei der Registrierung in Schladming gekauft werden. Au\u00dferdem ist es m\u00f6glich Einzeleintritte...","protected":false},"author":1,"featured_media":0,"parent":0,"menu_order":4,"comment_status":"closed","ping_status":"closed","template":"","meta":{"footnotes":""},"class_list":["post-7093","page","type-page","status-publish","hentry"],"_links":{"self":[{"href":"https:\/\/alpen-tour.at\/de\/wp-json\/wp\/v2\/pages\/7093"}],"collection":[{"href":"https:\/\/alpen-tour.at\/de\/wp-json\/wp\/v2\/pages"}],"about":[{"href":"https:\/\/alpen-tour.at\/de\/wp-json\/wp\/v2\/types\/page"}],"author":[{"embeddable":true,"href":"https:\/\/alpen-tour.at\/de\/wp-json\/wp\/v2\/users\/1"}],"replies":[{"embeddable":true,"href":"https:\/\/alpen-tour.at\/de\/wp-json\/wp\/v2\/comments?post=7093"}],"version-history":[{"count":12,"href":"https:\/\/alpen-tour.at\/de\/wp-json\/wp\/v2\/pages\/7093\/revisions"}],"predecessor-version":[{"id":23960,"href":"https:\/\/alpen-tour.at\/de\/wp-json\/wp\/v2\/pages\/7093\/revisions\/23960"}],"wp:attachment":[{"href":"https:\/\/alpen-tour.at\/de\/wp-json\/wp\/v2\/media?parent=7093"}],"curies":[{"name":"wp","href":"https:\/\/api.w.org\/{rel}","templated":true}]}}