{"id":7069,"date":"2019-01-23T14:08:57","date_gmt":"2019-01-23T13:08:57","guid":{"rendered":"https:\/\/alpen-tour.at\/solo-team-of-two\/"},"modified":"2023-11-27T11:16:33","modified_gmt":"2023-11-27T10:16:33","slug":"solo-team-of-two","status":"publish","type":"page","link":"https:\/\/alpen-tour.at\/de\/solo-team-of-two\/","title":{"rendered":"DUO 2er Teams"},"content":{"rendered":"<section class=\"l-section wpb_row height_auto\"><div class=\"l-section-h i-cf\"><div class=\"g-cols vc_row via_grid cols_2 laptops-cols_inherit tablets-cols_inherit mobiles-cols_1 valign_top type_boxes stacking_default\"><div class=\"wpb_column vc_column_container us_custom_86d0eac0 has_bg_color\"><div class=\"vc_column-inner\"><div class=\"w-separator size_custom\" style=\"height:320px\" id=\"dd21\"><style>@media(max-width:1024px){ #dd21{height:320!important}}<\/style><\/div><\/div><\/div><div class=\"wpb_column vc_column_container\"><div class=\"vc_column-inner\"><div class=\"wpb_text_column\"><div class=\"wpb_wrapper\"><h5><span class=\"wie-H3\"><strong><span class=\"wie-H1 wie-H2\">ALPENTOUR DUO<br \/>\n2er Teams<br \/>\n<\/span><\/strong><\/span><\/h5>\n<\/div><\/div><div class=\"w-separator size_small\"><\/div><div class=\"wpb_text_column\"><div class=\"wpb_wrapper\"><p>Es ist ein Rennen speziell f\u00fcr 2er Teams.<br \/>\nJedes Team bestet aus 2 TeilnehmerInnen.<\/p>\n<p><span class=\"tlid-translation translation\"><span class=\"\" title=\"\">Teams werden nur f\u00fcr das Ranking ber\u00fccksichtigt, wenn sie gemeinsam im Ziel erfasst werden.<\/span> <span class=\"\" title=\"\">Dies bedeutet, dass das erste Teammitglied nicht mehr als zwei Minuten vom zweiten Teammitglied entfernt sein darf.<\/span><\/span><\/p>\n<\/div><\/div><\/div><\/div><\/div><\/div><\/section><section class=\"l-section wpb_row height_auto\"><div class=\"l-section-h i-cf\"><div class=\"g-cols vc_row via_grid cols_2 laptops-cols_inherit tablets-cols_inherit mobiles-cols_1 valign_middle type_boxes stacking_default\"><div class=\"wpb_column vc_column_container\"><div class=\"vc_column-inner\"><div class=\"wpb_text_column\"><div class=\"wpb_wrapper\"><h5 class=\"H2\"><span class=\"wie-H3\"><strong><span class=\"wie-H3 wie-H2\"><span class=\"wie-H1 wie-H2\">DUO KATEGORIEN<\/span><\/span><\/strong><span class=\"wie-H2\"><span class=\"wie-H3 wie-H1 wie-H5 wie-H2\"><br \/>\n(mit UCI LIZENZ oder ohne LIZENZ)<\/span><\/span><\/span><\/h5>\n<\/div><\/div><div class=\"w-separator size_small\"><\/div><div class=\"wpb_text_column\"><div class=\"wpb_wrapper\"><ul>\n<li><strong>DUO Men<\/strong><\/li>\n<li><strong>DUO Women<\/strong><\/li>\n<li><strong>DUO Mixed<\/strong><\/li>\n<li><strong>DUO Masters1<\/strong> &#8211; 80 plus<br \/>\n<span class=\"tlid-translation translation\"><span class=\"\" title=\"\">(Das Alter beider Teammitglieder betr\u00e4gt mind. 80 Jahre)<\/span><\/span><\/li>\n<li><strong>DUO Masters2<\/strong> &#8211; 100 plus<br \/>\n<span class=\"tlid-translation translation\"><span class=\"\" title=\"\">(Das Alter beider Teammitglieder betr\u00e4gt mind. 100 Jahre)<\/span><\/span><\/li>\n<li><strong>DUO E-Plus<\/strong> &#8211; MTB &amp; E-Bike<br \/>\n(Ein Teilnehmer mit MTB und ein Teilnehmer mit E-Bike)<br \/>\n<a href=\"https:\/\/alpen-tour.at\/de\/new-kategorie-duo-e-plus\/\">&gt;&gt; weiter Informationen<\/a><\/li>\n<\/ul>\n<\/div><\/div><\/div><\/div><div class=\"wpb_column vc_column_container us_custom_20cfb1c5 has_bg_color\"><div class=\"vc_column-inner\"><div class=\"w-separator size_custom\" style=\"height:320px\" id=\"x61d\"><style>@media(max-width:1024px){ #x61d{height:320!important}}<\/style><\/div><\/div><\/div><\/div><\/div><\/section>\n","protected":false},"excerpt":{"rendered":"ALPENTOUR DUO 2er Teams Es ist ein Rennen speziell f\u00fcr 2er Teams. Jedes Team bestet aus 2 TeilnehmerInnen. Teams werden nur f\u00fcr das Ranking ber\u00fccksichtigt, wenn sie gemeinsam im Ziel erfasst werden. Dies bedeutet, dass das erste Teammitglied nicht mehr als zwei Minuten vom zweiten Teammitglied entfernt sein darf. DUO KATEGORIEN (mit UCI LIZENZ oder...","protected":false},"author":1,"featured_media":0,"parent":0,"menu_order":21,"comment_status":"closed","ping_status":"closed","template":"","meta":{"footnotes":""},"class_list":["post-7069","page","type-page","status-publish","hentry"],"_links":{"self":[{"href":"https:\/\/alpen-tour.at\/de\/wp-json\/wp\/v2\/pages\/7069"}],"collection":[{"href":"https:\/\/alpen-tour.at\/de\/wp-json\/wp\/v2\/pages"}],"about":[{"href":"https:\/\/alpen-tour.at\/de\/wp-json\/wp\/v2\/types\/page"}],"author":[{"embeddable":true,"href":"https:\/\/alpen-tour.at\/de\/wp-json\/wp\/v2\/users\/1"}],"replies":[{"embeddable":true,"href":"https:\/\/alpen-tour.at\/de\/wp-json\/wp\/v2\/comments?post=7069"}],"version-history":[{"count":13,"href":"https:\/\/alpen-tour.at\/de\/wp-json\/wp\/v2\/pages\/7069\/revisions"}],"predecessor-version":[{"id":21121,"href":"https:\/\/alpen-tour.at\/de\/wp-json\/wp\/v2\/pages\/7069\/revisions\/21121"}],"wp:attachment":[{"href":"https:\/\/alpen-tour.at\/de\/wp-json\/wp\/v2\/media?parent=7069"}],"curies":[{"name":"wp","href":"https:\/\/api.w.org\/{rel}","templated":true}]}}