{"id":34813,"date":"2025-10-06T19:40:03","date_gmt":"2025-10-06T17:40:03","guid":{"rendered":"https:\/\/alpen-tour.at\/?page_id=34813"},"modified":"2025-10-06T20:36:11","modified_gmt":"2025-10-06T18:36:11","slug":"teilnahmegebuehr","status":"publish","type":"page","link":"https:\/\/alpen-tour.at\/de\/teilnahmegebuehr\/","title":{"rendered":"SPEZIAL &#8211; Hotel plus Teilnahme"},"content":{"rendered":"<section class=\"l-section wpb_row height_medium\"><div class=\"l-section-h i-cf\"><div class=\"g-cols vc_row via_grid cols_1 laptops-cols_inherit tablets-cols_inherit mobiles-cols_1 valign_top type_default stacking_default\"><div class=\"wpb_column vc_column_container\"><div class=\"vc_column-inner\"><div class=\"wpb_text_column\"><div class=\"wpb_wrapper\"><h3 style=\"text-align: center;\"><span style=\"color: #90b24c;\">Rundum-sorglos-Paket:<\/span><br \/>\nTeilnahmegeb\u00fchr und Hotel inklusive!<\/h3>\n<\/div><\/div><\/div><\/div><\/div><\/div><\/section><section class=\"l-section wpb_row height_auto\"><div class=\"l-section-h i-cf\"><div class=\"g-cols vc_row via_grid cols_2 laptops-cols_inherit tablets-cols_inherit mobiles-cols_1 valign_middle type_boxes stacking_default\" style=\"--columns-gap:0rem;\"><div class=\"wpb_column vc_column_container\"><div class=\"vc_column-inner\"><div class=\"wpb_text_column\"><div class=\"wpb_wrapper\"><h5 class=\"H2\"><strong>TEILNAHMEGEB\u00dcHR + 4 N\u00e4chte inkl. Fr\u00fchst\u00fcck (17.-21. Juni 2026) im <\/strong><b>\u00a0<a href=\"https:\/\/www.royer.at\/\">Sporthotel Royer*<\/a><\/b><\/h5>\n<ul>\n<li style=\"list-style-type: none;\">\n<ul>\n<li><strong>06.10.2025 &#8211; 31.10.2025<br \/>\nEuro 826,- <\/strong>pro Person im Doppelzimmer<strong><br \/>\nEuro 906,- <\/strong>Einzelnutzung im Doppelzimmer<strong><br \/>\n<\/strong><\/li>\n<li>01.11.2025 -15.01.2026:<strong><br \/>\n<\/strong><strong>Euro 906,- <\/strong>pro Person im Doppelzimmer<strong><br \/>\nEuro 986,-<\/strong> Einzelnutzung im Doppelzimmer<\/li>\n<li>16.01.2026 -15.04.2026<br \/>\n<strong>Euro 946,- <\/strong>pro Person im Doppelzimmer<strong><br \/>\nEuro 1026,- <\/strong>Einzelnutzung im Doppelzimmer<\/li>\n<\/ul>\n<\/li>\n<\/ul>\n<p>*Begrenzte Verf\u00fcgbarkeit \u2013 schnell buchen lohnt sich!<\/p>\n<\/div><\/div><div class=\"w-separator size_medium\"><\/div><div class=\"w-btn-wrapper align_left\"><a class=\"w-btn us-btn-style_1\" title=\"Anmeldung\" href=\"https:\/\/alpen-tour.at\/de\/register\/\"><span class=\"w-btn-label\">Zur Anmeldung<\/span><\/a><\/div><div class=\"w-separator size_medium\"><\/div><\/div><\/div><div class=\"wpb_column vc_column_container us_custom_e80e26b7 has_bg_color\"><div class=\"vc_column-inner\"><\/div><\/div><\/div><\/div><\/section><section class=\"l-section wpb_row height_auto\"><div class=\"l-section-h i-cf\"><div class=\"g-cols vc_row via_grid cols_2 laptops-cols_inherit tablets-cols_inherit mobiles-cols_1 valign_middle type_boxes stacking_default\" style=\"--columns-gap:0rem;\"><div class=\"wpb_column vc_column_container us_custom_24105298 has_bg_color\"><div class=\"vc_column-inner\"><\/div><\/div><div class=\"wpb_column vc_column_container\"><div class=\"vc_column-inner\"><div class=\"wpb_text_column\"><div class=\"wpb_wrapper\"><h3 data-start=\"169\" data-end=\"216\"><strong data-start=\"173\" data-end=\"216\">Paketbeschreibung und Stornobedingungen<\/strong><\/h3>\n<p data-start=\"218\" data-end=\"413\">Der Paketpreis umfasst die Teilnahmegeb\u00fchr (abh\u00e4ngig vom Anmeldedatum) sowie zus\u00e4tzlich <strong data-start=\"306\" data-end=\"353\">\u20ac436 f\u00fcr die Einzelnutzung (\u20ac109 pro Nacht)<\/strong> oder <strong data-start=\"359\" data-end=\"410\">\u20ac356 pro Person im Doppelzimmer (\u20ac89 pro Nacht)<\/strong>.<\/p>\n<p data-start=\"415\" data-end=\"546\">Die Stornokosten f\u00fcr die bezahlte Teilnahmegeb\u00fchr entsprechen den Bestimmungen in den <strong data-start=\"501\" data-end=\"543\">Allgemeinen Gesch\u00e4ftsbedingungen (AGB)<\/strong>.<\/p>\n<p data-start=\"548\" data-end=\"645\">F\u00fcr die Hotelunterkunft gelten folgende Stornobedingungen, die <strong data-start=\"611\" data-end=\"635\">in bar r\u00fcckerstattet<\/strong> werden:<\/p>\n<ul data-start=\"647\" data-end=\"888\">\n<li data-start=\"647\" data-end=\"702\">\n<p data-start=\"649\" data-end=\"702\"><strong data-start=\"649\" data-end=\"677\">Bis 90 Tage vor Anreise:<\/strong> kostenlose Stornierung<\/p>\n<\/li>\n<li data-start=\"703\" data-end=\"757\">\n<p data-start=\"705\" data-end=\"757\"><strong data-start=\"705\" data-end=\"732\">89\u201330 Tage vor Anreise:<\/strong> 50 % des Gesamtbetrags<\/p>\n<\/li>\n<li data-start=\"758\" data-end=\"812\">\n<p data-start=\"760\" data-end=\"812\"><strong data-start=\"760\" data-end=\"787\">29\u201314 Tage vor Anreise:<\/strong> 75 % des Gesamtbetrags<\/p>\n<\/li>\n<li data-start=\"813\" data-end=\"888\">\n<p data-start=\"815\" data-end=\"888\"><strong data-start=\"815\" data-end=\"862\">13 Tage oder weniger vor Anreise \/ No-Show:<\/strong> 100 % des Gesamtbetrags<\/p>\n<\/li>\n<\/ul>\n<p data-start=\"890\" data-end=\"1003\">Stornierungen m\u00fcssen <strong data-start=\"911\" data-end=\"926\">schriftlich<\/strong> erfolgen. Wir empfehlen den Abschluss einer <strong data-start=\"971\" data-end=\"1002\">Reiser\u00fccktrittsversicherung<\/strong>.<\/p>\n<\/div><\/div><\/div><\/div><\/div><\/div><\/section><section class=\"l-section wpb_row height_huge width_full with_img parallax_ver\"><div class=\"l-section-img\" role=\"img\" aria-label=\"Bild\" data-img-width=\"7360\" data-img-height=\"4912\" style=\"background-image: url(https:\/\/alpen-tour.at\/wp-content\/uploads\/2019\/06\/AT_2019_REITERALM\u00a9RS-4892.jpg);\"><\/div><div class=\"l-section-h i-cf\"><div class=\"g-cols vc_row via_grid cols_1 laptops-cols_inherit tablets-cols_inherit mobiles-cols_1 valign_middle type_boxes stacking_default\" style=\"--columns-gap:0rem;\"><div class=\"wpb_column vc_column_container\"><div class=\"vc_column-inner\"><\/div><\/div><\/div><\/div><\/section>\n","protected":false},"excerpt":{"rendered":"Rundum-sorglos-Paket: Teilnahmegeb\u00fchr und Hotel inklusive! TEILNAHMEGEB\u00dcHR + 4 N\u00e4chte inkl. Fr\u00fchst\u00fcck (17.-21. Juni 2026) im \u00a0Sporthotel Royer* 06.10.2025 &#8211; 31.10.2025 Euro 826,- pro Person im Doppelzimmer Euro 906,- Einzelnutzung im Doppelzimmer 01.11.2025 -15.01.2026: Euro 906,- pro Person im Doppelzimmer Euro 986,- Einzelnutzung im Doppelzimmer 16.01.2026 -15.04.2026 Euro 946,- pro Person im Doppelzimmer Euro 1026,- Einzelnutzung...","protected":false},"author":1,"featured_media":0,"parent":0,"menu_order":30,"comment_status":"closed","ping_status":"closed","template":"","meta":{"footnotes":""},"class_list":["post-34813","page","type-page","status-publish","hentry"],"_links":{"self":[{"href":"https:\/\/alpen-tour.at\/de\/wp-json\/wp\/v2\/pages\/34813"}],"collection":[{"href":"https:\/\/alpen-tour.at\/de\/wp-json\/wp\/v2\/pages"}],"about":[{"href":"https:\/\/alpen-tour.at\/de\/wp-json\/wp\/v2\/types\/page"}],"author":[{"embeddable":true,"href":"https:\/\/alpen-tour.at\/de\/wp-json\/wp\/v2\/users\/1"}],"replies":[{"embeddable":true,"href":"https:\/\/alpen-tour.at\/de\/wp-json\/wp\/v2\/comments?post=34813"}],"version-history":[{"count":8,"href":"https:\/\/alpen-tour.at\/de\/wp-json\/wp\/v2\/pages\/34813\/revisions"}],"predecessor-version":[{"id":34945,"href":"https:\/\/alpen-tour.at\/de\/wp-json\/wp\/v2\/pages\/34813\/revisions\/34945"}],"wp:attachment":[{"href":"https:\/\/alpen-tour.at\/de\/wp-json\/wp\/v2\/media?parent=34813"}],"curies":[{"name":"wp","href":"https:\/\/api.w.org\/{rel}","templated":true}]}}