{"id":13309,"date":"2023-02-27T13:15:15","date_gmt":"2023-02-27T12:15:15","guid":{"rendered":"https:\/\/alpen-tour.at\/?page_id=13309"},"modified":"2023-10-06T14:59:01","modified_gmt":"2023-10-06T12:59:01","slug":"rent-a-bike","status":"publish","type":"page","link":"https:\/\/alpen-tour.at\/de\/rent-a-bike\/","title":{"rendered":"Rent a bike"},"content":{"rendered":"<section class=\"l-section wpb_row height_auto\"><div class=\"l-section-h i-cf\"><div class=\"g-cols vc_row via_grid cols_1 laptops-cols_inherit tablets-cols_inherit mobiles-cols_1 valign_middle type_boxes stacking_default\"><div class=\"wpb_column vc_column_container\"><div class=\"vc_column-inner\"><div class=\"wpb_text_column\"><div class=\"wpb_wrapper\"><h4 style=\"text-align: center;\">F\u00fcr alle TeilnehmerInnen, die sich lieber ein Bike vor Ort ausleihen m\u00f6chten, haben wir folgendes Angebot:<\/h4>\n<\/div><\/div><div class=\"w-separator size_small\"><\/div><\/div><\/div><\/div><\/div><\/section><section class=\"l-section wpb_row height_auto\"><div class=\"l-section-h i-cf\"><div class=\"g-cols vc_row via_grid cols_2 laptops-cols_inherit tablets-cols_inherit mobiles-cols_1 valign_middle type_boxes stacking_default\"><div class=\"wpb_column vc_column_container\"><div class=\"vc_column-inner\"><div class=\"wpb_text_column\"><div class=\"wpb_wrapper\"><h5><strong>Rent a Bike in der Bikeworld Schladming<\/strong><\/h5>\n<\/div><\/div><div class=\"w-separator size_small\"><\/div><div class=\"wpb_text_column\"><div class=\"wpb_wrapper\"><p>Leihe Dir Dein Bike f\u00fcr die Alpentour Trophy in der Bikeworld Schladming aus. Mit dem Rabattcode <strong>Alpentrophy24 <\/strong>erh\u00e4ltst Du Dein Bike bereits 3 Tage vor dem Bewerb.<\/p>\n<p>Der Verleih startet nach den Osterferien.<\/p>\n<p>Die Reservierung erfolgt online bei <strong><a href=\"https:\/\/www.bruendl.at\/de\/rent\">Br\u00fcndl Sports.<\/a><br \/>\n<\/strong>Ort: Schladming &#8211; Bikeworld Schladming<\/p>\n<\/div><\/div><\/div><\/div><div class=\"wpb_column vc_column_container us_custom_6f23b649 has_bg_color\"><div class=\"vc_column-inner\"><div class=\"w-separator size_custom\" style=\"height:320px\"><\/div><\/div><\/div><\/div><\/div><\/section>\n","protected":false},"excerpt":{"rendered":"F\u00fcr alle TeilnehmerInnen, die sich lieber ein Bike vor Ort ausleihen m\u00f6chten, haben wir folgendes Angebot: Rent a Bike in der Bikeworld Schladming Leihe Dir Dein Bike f\u00fcr die Alpentour Trophy in der Bikeworld Schladming aus. Mit dem Rabattcode Alpentrophy24 erh\u00e4ltst Du Dein Bike bereits 3 Tage vor dem Bewerb. Der Verleih startet nach den...","protected":false},"author":6,"featured_media":0,"parent":0,"menu_order":6,"comment_status":"closed","ping_status":"closed","template":"","meta":{"footnotes":""},"class_list":["post-13309","page","type-page","status-publish","hentry"],"_links":{"self":[{"href":"https:\/\/alpen-tour.at\/de\/wp-json\/wp\/v2\/pages\/13309"}],"collection":[{"href":"https:\/\/alpen-tour.at\/de\/wp-json\/wp\/v2\/pages"}],"about":[{"href":"https:\/\/alpen-tour.at\/de\/wp-json\/wp\/v2\/types\/page"}],"author":[{"embeddable":true,"href":"https:\/\/alpen-tour.at\/de\/wp-json\/wp\/v2\/users\/6"}],"replies":[{"embeddable":true,"href":"https:\/\/alpen-tour.at\/de\/wp-json\/wp\/v2\/comments?post=13309"}],"version-history":[{"count":8,"href":"https:\/\/alpen-tour.at\/de\/wp-json\/wp\/v2\/pages\/13309\/revisions"}],"predecessor-version":[{"id":23963,"href":"https:\/\/alpen-tour.at\/de\/wp-json\/wp\/v2\/pages\/13309\/revisions\/23963"}],"wp:attachment":[{"href":"https:\/\/alpen-tour.at\/de\/wp-json\/wp\/v2\/media?parent=13309"}],"curies":[{"name":"wp","href":"https:\/\/api.w.org\/{rel}","templated":true}]}}