{"id":13284,"date":"2023-02-24T11:27:05","date_gmt":"2023-02-24T10:27:05","guid":{"rendered":"https:\/\/alpen-tour.at\/?page_id=13284"},"modified":"2023-10-06T16:36:14","modified_gmt":"2023-10-06T14:36:14","slug":"wettkampfrichtlinien","status":"publish","type":"page","link":"https:\/\/alpen-tour.at\/de\/wettkampfrichtlinien\/","title":{"rendered":"Wettkampfrichtlinien"},"content":{"rendered":"<section class=\"l-section wpb_row height_medium\"><div class=\"l-section-h i-cf\"><div class=\"g-cols vc_row via_grid cols_1 laptops-cols_inherit tablets-cols_inherit mobiles-cols_1 valign_top type_default stacking_default\"><div class=\"wpb_column vc_column_container\"><div class=\"vc_column-inner\">[vc_custom_heading text=&#8220;Wettkampfrichtlinien&#8220; google_fonts=&#8220;font_family:Play%3Aregular%2C700|font_style:400%20regular%3A400%3Anormal&#8220;]<div class=\"wpb_text_column\"><div class=\"wpb_wrapper\"><p>Die gr\u00f6\u00dfte Vorsicht wird allen Teilnehmern des Rennens zur Pflicht gemacht. Mountainbiking ist eine sehr gef\u00e4hrliche Aktivit\u00e4t! Alle Teilnehmer \u00fcbernehmen die Verantwortung und das Risiko f\u00fcr ihre eigene Sicherheit und ihr eigenes Wohlergehen. Jeder Teilnehmer ist verpflichtet, die Geschwindigkeit den Verh\u00e4ltnissen der Strecke, den Witterungsverh\u00e4ltnissen, sowie seinem Fahrk\u00f6nnen anzupassen. Die stra\u00dfenpolizeilichen Bestimmungen m\u00fcssen ohne Ausnahme strikt befolgt und eingehalten werden! Der Veranstalter lehnt f\u00fcr allf\u00e4llige \u00dcbertretungen und deren Folgen jede Haftung und Verantwortung ab. Es besteht absolute Helmpflicht! Durch Rotlicht gesicherte Bahn\u00fcberg\u00e4nge sind geschlossenen Bahn\u00fcberg\u00e4ngen gleichgestellt und \u00dcbertretungen werden nach dem UCI-Strafenkatalog geahndet.<\/p>\n<p>F\u00fcr alle Fahrer, die in einer Gruppe und durch nicht mehr als 1 Sekunde getrennt das Zielband passieren, wird die gleiche Zeit eingesetzt. Strafen oder Disqualifikationen bei einer Etappe oder von der Veranstaltung werden bei krassen Verletzungen des Reglements verh\u00e4ngt. Anweisungen der Polizei, Rennkommiss\u00e4re (inkl. medizinisches Personal) m\u00fcssen unter allen Umst\u00e4nden strikt befolgt werden. Es besteht Helmpflicht w\u00e4hrend der gesamten Veranstaltung. Unterlassen dieses Reglements kann mit einer sofortigen Disqualifikation geahndet werden. Besch\u00e4digte Helme m\u00fcssen ausgetauscht werden. Die Organisation darf einen Teilnehmer aus dem Wettbewerb nehmen, wenn sein Bike nicht den Anforderungen entspricht.<\/p>\n<p><strong>Die Teilnehmer<\/strong> m\u00fcssen auf den von der Organisation markierten Strecken fahren. Abk\u00fcrzungen oder das Fahren auf unmarkierten Wegen ist verboten. Die Teilnehmer m\u00fcssen die gesamte vorgegebene Strecke zur\u00fccklegen. Die Karenzzeit betr\u00e4gt 50 % von der Siegerzeit in der jeweiligen Kategorie pro Etappe. Die Jury beh\u00e4lt sich das Recht vor einen Teilnehmer aus dem Rennen oder aus der Wertung zu nehmen, wenn er das vorgeschrieben Zeitlimit nicht erreicht hat. Wenn ein Teilnehmer wegen mechanischer Probleme oder Verletzungen die Etappe nicht beenden kann, entscheidet die Jury, ob der Fahrer das Rennen fortsetzen darf. Preise werden nur ausbezahlt, wenn mindestens 5 Teilnehmer pro Kategorie starten.<\/p>\n<p><strong>Teambetreuer Fahrzeuge<\/strong><br \/>\nsind NICHT erlaubt die Strecke der Alpentour Trophy zu befahren.<\/p>\n<p><strong>Startnummer und F\u00fchrungstrikots<\/strong><br \/>\nDie Startnummer darf nicht ver\u00e4ndert bzw. verkleinert werden! F\u00fchrungstrikots: Die F\u00fchrenden im Gesamt-, Berg- und Damenklassement sind verpflichtet, die vom Veranstalter zur Verf\u00fcgung gestellten Trikots mit der Sponsoraufschrift zu tragen. Die Sponsoren des Veranstalters d\u00fcrfen in keinem Fall \u00fcberklebt werden. Auf den Trikots (Brustseite unterhalb des offiziellen Sponsors) sind pers\u00f6nliche Sponsoren erlaubt, sofern die Gr\u00f6\u00dfe von 25 x 25 cm nicht \u00fcberschritten wird.<\/p>\n<p><strong>Hygiene- und Umweltschutzrichtlinien<\/strong><br \/>\nOrganisation, Teilnehmer und Mitarbeiter verpflichten sich das Start- und Zielgel\u00e4nde sauber zu halten und Besch\u00e4digungen an offiziellen oder privaten Eigentum zu vermeiden.<br \/>\nDie Teilnehmer verpflichten sich beim Reinigen oder Reparieren der Bikes, kein \u00d6l oder Fettr\u00fcckst\u00e4nde bzw. Material zu hinterlassen. Die Organisation \u00fcbernimmt keine Haftung f\u00fcr besch\u00e4digte Bikes oder Gep\u00e4ck!! Bikes nicht an Fahrzeuge anlehnen!! Die Organisation \u00fcbernimmt keinerlei Haftung f\u00fcr Sch\u00e4den bzw. Diebst\u00e4hle jeglicher Art.<\/p>\n<p>Die Rennfahrer werden darauf aufmerksam gemacht, dass das Wegwerfen von Leergut (Materialien, die nicht verrotten) auf der Rennstrecke verboten ist. Alle Riegel und Gels m\u00fcssen mit der Startnummer markiert werden. Die Rennleiter machen Stichproben vor jedem Start! Das Verrichten der Notdurft w\u00e4hrend der Etappe innerhalb von Ortschaften oder vor Zuschauern ist strengstens verboten. (\u00dcbertretungen werden nach dem UCI-Strafenkatalog geahndet).<\/p>\n<p><strong>Streckenmarkierung<\/strong><br \/>\nDie Alpentour Strecke wird von der Organisation mit neon-gr\u00fcnen Pfeilen markiert. Dennoch appellieren wir an alle Teilnehmer sich zus\u00e4tzlich selbst zu orientieren und zu den jeweiligen Fahrerbesprechungen vorm Start zu erscheinen!<br \/>\nDie Strecke der Alpentour Trophy darf nur im Rahmen der Veranstaltung befahren werden.<\/p>\n<p><strong>Vorzeitiges Beenden des RENNENS bzw. Etappe<\/strong><br \/>\nTeilnehmer, die Etappen vorzeitig beenden, m\u00fcssen sich unverz\u00fcglich beim Veranstalter vor Ort, Race Office oder bei angegebener Notfallnummer auf der R\u00fcckseite von der Startnummer melden. F\u00fcr Teams oder Teilnehmer, die sich nicht pers\u00f6nlich oder unter der hierf\u00fcr angegebenen Telefonnummer beim Race Office abmelden, wird der Veranstalter eine Suchaktion auf Kosten des Teilnehmers einleiten.<\/p>\n<p><strong>Alpentour Adventure<\/strong><br \/>\n2er Teams werden nur dann gewertet, wenn sie gemeinsam im Ziel ankommen. Dies bedeutet, dass das erste Teammitglied nicht mehr als zwei Minuten vom zweiten Teammitglied entfernt sein darf.<\/p>\n<p>&nbsp;<\/p>\n<p>&nbsp;<\/p>\n<\/div><\/div><\/div><\/div><\/div><\/div><\/section>\n","protected":false},"excerpt":{"rendered":"[vc_custom_heading text=\"Wettkampfrichtlinien\" google_fonts=\"font_family:Play%3Aregular%2C700|font_style:400%20regular%3A400%3Anormal\"]Die gr\u00f6\u00dfte Vorsicht wird allen Teilnehmern des Rennens zur Pflicht gemacht. Mountainbiking ist eine sehr gef\u00e4hrliche Aktivit\u00e4t! Alle Teilnehmer \u00fcbernehmen die Verantwortung und das Risiko f\u00fcr ihre eigene Sicherheit und ihr eigenes Wohlergehen. Jeder Teilnehmer ist verpflichtet, die Geschwindigkeit den Verh\u00e4ltnissen der Strecke, den Witterungsverh\u00e4ltnissen, sowie seinem Fahrk\u00f6nnen anzupassen. Die stra\u00dfenpolizeilichen Bestimmungen m\u00fcssen...","protected":false},"author":6,"featured_media":0,"parent":0,"menu_order":11,"comment_status":"closed","ping_status":"closed","template":"","meta":{"footnotes":""},"class_list":["post-13284","page","type-page","status-publish","hentry"],"_links":{"self":[{"href":"https:\/\/alpen-tour.at\/de\/wp-json\/wp\/v2\/pages\/13284"}],"collection":[{"href":"https:\/\/alpen-tour.at\/de\/wp-json\/wp\/v2\/pages"}],"about":[{"href":"https:\/\/alpen-tour.at\/de\/wp-json\/wp\/v2\/types\/page"}],"author":[{"embeddable":true,"href":"https:\/\/alpen-tour.at\/de\/wp-json\/wp\/v2\/users\/6"}],"replies":[{"embeddable":true,"href":"https:\/\/alpen-tour.at\/de\/wp-json\/wp\/v2\/comments?post=13284"}],"version-history":[{"count":3,"href":"https:\/\/alpen-tour.at\/de\/wp-json\/wp\/v2\/pages\/13284\/revisions"}],"predecessor-version":[{"id":13288,"href":"https:\/\/alpen-tour.at\/de\/wp-json\/wp\/v2\/pages\/13284\/revisions\/13288"}],"wp:attachment":[{"href":"https:\/\/alpen-tour.at\/de\/wp-json\/wp\/v2\/media?parent=13284"}],"curies":[{"name":"wp","href":"https:\/\/api.w.org\/{rel}","templated":true}]}}