{"id":13219,"date":"2023-02-22T08:54:43","date_gmt":"2023-02-22T07:54:43","guid":{"rendered":"https:\/\/alpen-tour.at\/?page_id=13219"},"modified":"2023-02-22T09:34:05","modified_gmt":"2023-02-22T08:34:05","slug":"gastro-und-familie","status":"publish","type":"page","link":"https:\/\/alpen-tour.at\/de\/gastro-und-familie\/","title":{"rendered":"Gastro &#038; Familie"},"content":{"rendered":"<section class=\"l-section wpb_row height_auto\"><div class=\"l-section-h i-cf\"><div class=\"g-cols vc_row via_grid cols_2 laptops-cols_inherit tablets-cols_inherit mobiles-cols_1 valign_middle type_boxes stacking_default\"><div class=\"wpb_column vc_column_container\"><div class=\"vc_column-inner\"><div class=\"wpb_text_column\"><div class=\"wpb_wrapper\"><p><span class=\"wie-H3\"><strong><span class=\"wie-H1 wie-H2\">ESSEN &amp; TRINKEN IN DER REGION SCHLADMING\/DACHSTEIN<\/span><\/strong><\/span><\/p>\n<\/div><\/div><div class=\"wpb_text_column\"><div class=\"wpb_wrapper\"><p>Entdecke die vielf\u00e4ltigen gastronomischen Betriebe in unserer Region. Von der urigen Almh\u00fctte und gut b\u00fcrgerlichem Gasthaus \u00fcber Restaurants, gem\u00fctliche Cafes und Bars bis hin zum Haubenlokal, findest Du alles was das Herz begehrt.<br \/>\nHier findest Du eine \u00dcbersicht \u00fcber unsere <a href=\"https:\/\/www.schladming-dachstein.at\/de\/Kulinarik\/Gastronomie\">Gastrobetriebe<\/a>.<\/p>\n<\/div><\/div><div class=\"w-separator size_medium\"><\/div><\/div><\/div><div class=\"wpb_column vc_column_container us_custom_aa706925 has_bg_color\"><div class=\"vc_column-inner\"><div class=\"w-separator size_custom\" style=\"height:320px\"><\/div><\/div><\/div><\/div><\/div><\/section><section class=\"l-section wpb_row height_auto\"><div class=\"l-section-h i-cf\"><div class=\"g-cols vc_row via_grid cols_2 laptops-cols_inherit tablets-cols_inherit mobiles-cols_1 valign_middle type_boxes stacking_default\"><div class=\"wpb_column vc_column_container us_custom_4f6b2fc4 has_bg_color\"><div class=\"vc_column-inner\"><div class=\"w-separator size_custom\" style=\"height:320px\"><\/div><\/div><\/div><div class=\"wpb_column vc_column_container\"><div class=\"vc_column-inner\"><div class=\"wpb_text_column\"><div class=\"wpb_wrapper\"><p class=\"H2\"><span class=\"wie-H3\"><strong><span class=\"wie-H3 wie-H2\"><span class=\"wie-H1 wie-H2\">FREIZEITAKTIVIT\u00c4TEN<\/span><\/span><\/strong><\/span><\/p>\n<\/div><\/div><div class=\"wpb_text_column\"><div class=\"wpb_wrapper\"><p>Egal ob Du\u00a0Abenteuer\u00a0oder Ruhe suchst, die Region Schladming-Dachstein ist f\u00fcr alle da. Mit rund 1.000 Kilometern an\u00a0Wanderwegen, 1.000 Kilometer Mountainbike-Routen und 26\u00a0Klettersteigen sind die Wege, die Natur zu erleben, ebenso vielseitig wie die Region selbst.<\/p>\n<p>Hier kannst Du nach passenden <a href=\"https:\/\/www.schladming-dachstein.at\/de\/Sommer\">Freizeitaktivit\u00e4ten<\/a> suchen.<\/p>\n<\/div><\/div><div class=\"w-separator size_medium\"><\/div><\/div><\/div><\/div><\/div><\/section><section class=\"l-section wpb_row height_auto\"><div class=\"l-section-h i-cf\"><div class=\"g-cols vc_row via_grid cols_2 laptops-cols_inherit tablets-cols_inherit mobiles-cols_1 valign_middle type_boxes stacking_default\"><div class=\"wpb_column vc_column_container\"><div class=\"vc_column-inner\"><div class=\"wpb_text_column\"><div class=\"wpb_wrapper\"><p class=\"H2\"><span class=\"wie-H3\"><strong><span class=\"wie-H3 wie-H2\"><span class=\"wie-H1 wie-H2\">SOMMERCARD<\/span><\/span><\/strong><\/span><\/p>\n<\/div><\/div><div class=\"wpb_text_column\"><div class=\"wpb_wrapper\"><p>Die Schladming-Dachstein\u00a0Sommercard, die Du in Deiner Unterkunft erh\u00e4ltst, erm\u00f6glicht Dir neben zahlreichen Bonusleistungen auch den kostenlosen Zutritt zu \u00fcber 100 Attraktionen.<br \/>\nSpeziell f\u00fcr Familien sind 40 Aktivit\u00e4ten dabei, wie z.B. kostenlose Eintritte in B\u00e4der, in den Abenteuerpark, gratis Fahrt mit der Sommerrodelbahn u.v.m.<\/p>\n<p><a href=\"https:\/\/www.schladming-dachstein.at\/PDF\/Sommercard\/web22_de.pdf\">Sommercard-Infos<\/a><\/p>\n<\/div><\/div><\/div><\/div><div class=\"wpb_column vc_column_container us_custom_2933bdde has_bg_color\"><div class=\"vc_column-inner\"><div class=\"w-separator size_custom\" style=\"height:320px\"><\/div><\/div><\/div><\/div><\/div><\/section>\n","protected":false},"excerpt":{"rendered":"ESSEN &amp; TRINKEN IN DER REGION SCHLADMING\/DACHSTEIN Entdecke die vielf\u00e4ltigen gastronomischen Betriebe in unserer Region. Von der urigen Almh\u00fctte und gut b\u00fcrgerlichem Gasthaus \u00fcber Restaurants, gem\u00fctliche Cafes und Bars bis hin zum Haubenlokal, findest Du alles was das Herz begehrt. Hier findest Du eine \u00dcbersicht \u00fcber unsere Gastrobetriebe. FREIZEITAKTIVIT\u00c4TEN Egal ob Du\u00a0Abenteuer\u00a0oder Ruhe suchst, die...","protected":false},"author":6,"featured_media":0,"parent":0,"menu_order":12,"comment_status":"closed","ping_status":"closed","template":"","meta":{"footnotes":""},"class_list":["post-13219","page","type-page","status-publish","hentry"],"_links":{"self":[{"href":"https:\/\/alpen-tour.at\/de\/wp-json\/wp\/v2\/pages\/13219"}],"collection":[{"href":"https:\/\/alpen-tour.at\/de\/wp-json\/wp\/v2\/pages"}],"about":[{"href":"https:\/\/alpen-tour.at\/de\/wp-json\/wp\/v2\/types\/page"}],"author":[{"embeddable":true,"href":"https:\/\/alpen-tour.at\/de\/wp-json\/wp\/v2\/users\/6"}],"replies":[{"embeddable":true,"href":"https:\/\/alpen-tour.at\/de\/wp-json\/wp\/v2\/comments?post=13219"}],"version-history":[{"count":19,"href":"https:\/\/alpen-tour.at\/de\/wp-json\/wp\/v2\/pages\/13219\/revisions"}],"predecessor-version":[{"id":13226,"href":"https:\/\/alpen-tour.at\/de\/wp-json\/wp\/v2\/pages\/13219\/revisions\/13226"}],"wp:attachment":[{"href":"https:\/\/alpen-tour.at\/de\/wp-json\/wp\/v2\/media?parent=13219"}],"curies":[{"name":"wp","href":"https:\/\/api.w.org\/{rel}","templated":true}]}}