{"id":12856,"date":"2022-08-23T17:22:28","date_gmt":"2022-08-23T15:22:28","guid":{"rendered":"https:\/\/alpen-tour.at\/privacy-policy\/"},"modified":"2022-12-14T20:36:20","modified_gmt":"2022-12-14T19:36:20","slug":"privacy-policy","status":"publish","type":"page","link":"https:\/\/alpen-tour.at\/de\/privacy-policy\/","title":{"rendered":"Datenschutzerkl\u00e4rung"},"content":{"rendered":"\r\n<p>&nbsp;<\/p>\r\n\r\n\r\n\r\n<ol>\r\n<li><strong> Inhalt<\/strong><\/li>\r\n<\/ol>\r\n<p>Diese Datenschutzerkl\u00e4rung kl\u00e4rt Nutzer \u00fcber die Art, den Umfang und Zwecke der Erhebung und Verwendung personenbezogener Daten durch uns als verantwortlicher Medieninhaber auf dieser Website auf. Weiters legt es auch die Art der gespeicherten Daten unserer F\u00f6rderer und Unterst\u00fctzer offen.<\/p>\r\n<ol start=\"2\">\r\n<li><strong> Begriffsbestimmung<\/strong><\/li>\r\n<\/ol>\r\n<p>Personenbezogene Daten sind Informationen, mit deren Hilfe eine Person bestimmbar ist, also Angaben, die zur\u00fcck zu einer Person verfolgt werden k\u00f6nnen. Dazu geh\u00f6ren Name, Adresse, E-Mail-Adresse. Aber auch Daten \u00fcber Vorlieben, Hobbies, Mitgliedschaften oder welche Webseiten von jemandem angesehen wurden z\u00e4hlen zu personenbezogenen Daten.<\/p>\r\n<ol start=\"3\">\r\n<li><strong> Website<\/strong><\/li>\r\n<\/ol>\r\n<p>Die Einhaltung der geltenden gesetzlichen Bestimmungen zum Datenschutz personenbezogener Daten ist f\u00fcr uns selbstverst\u00e4ndlich. Gem\u00e4\u00df Datenschutzgesetz sind personenbezogene Daten Informationen, die genutzt werden k\u00f6nnen, um die Identit\u00e4t von Web-Benutzern zu erfahren. Darunter fallen Informationen wie Name, Adresse, Postanschrift, Telefonnummer etc. S\u00e4mtliche Informationen, die nicht direkt mit der tats\u00e4chlichen Identit\u00e4t des Benutzers in Verbindung gebracht werden k\u00f6nnen fallen somit nicht darunter. Bei einem Besuch dieser Website erheben wir ohne Ihre freiwillige Anmeldung keine personenbezogenen Daten von Ihnen.<\/p>\r\n<ol start=\"5\">\r\n<li><strong> Zweckbindung, Rechtsgrundlage, Speicherdauer sowie Datenempf\u00e4nger<\/strong><\/li>\r\n<\/ol>\r\n<p><strong>5.1\u00a0 \u00a0 \u00a0 \u00a0 \u00a0 gespeicherte Daten<\/strong><\/p>\r\n<p>Wir verarbeiten von Ihnen folgende Datenkategorien:<\/p>\r\n<ul>\r\n<li>Stammdaten<\/li>\r\n<li>Kontaktdaten<\/li>\r\n<li>diverse von Ihnen bekanntgegebene Informationen<\/li>\r\n<li>Kommunikationshistorie<\/li>\r\n<li>Spendenhistorie<\/li>\r\n<li>Klassifizierungen (wie z.B. Mitgliedsart, Patenschaft)<\/li>\r\n<\/ul>\r\n<p><strong>5.2\u00a0 \u00a0 \u00a0 \u00a0 \u00a0Zweck<\/strong><\/p>\r\n<p>Wir nutzen diese Daten zur Vorbereitung und Durchf\u00fchrung von Spendenaktionen zur Erf\u00fcllung der statutengem\u00e4\u00dfen\/satzungsgem\u00e4\u00dfen Organisationszwecke \u2013 postalisch oder per Telefonanruf und zur Spendenverwaltung, f\u00fcr Geburtstagsgr\u00fc\u00dfe, zur Verwaltung erfolgter Spenden und zur Verwaltung von aktiven und fr\u00fcheren Mitgliedern und die Erf\u00fcllung abgabenrechtlicher Verpflichtungen.<\/p>\r\n<p><strong>5.3\u00a0 \u00a0 \u00a0 \u00a0 \u00a0Art der Verarbeitung<\/strong><\/p>\r\n<p>Hierf\u00fcr speichern wir Ihre Daten in einer elektronischen Datenbank. Zur Zielgruppenauswahl f\u00fcr eine der oben genannten Aktionen verwenden wir einen Prozess, der unsere Unterst\u00fctzer nach der H\u00f6he ihrer Spende, nach der H\u00e4ufigkeit der Spende und dem Zeitpunkt der letzten Spende gruppiert.<\/p>\r\n<p><strong>5.4\u00a0 \u00a0 \u00a0 \u00a0 \u00a0Rechtsgrundlage<\/strong><\/p>\r\n<p>Die rechtlichen Grundlagen f\u00fcr die Verarbeitung von Ihren personenbezogenen Daten sind einerseits unser berechtigtes Interesse in der Erf\u00fcllung unserer rechtlichen bzw. vertraglichen Verpflichtungen, sowie andererseits Ihre Einwilligung. Die Bereitstellung von Namensdaten und Bankverbindungsdaten ist f\u00fcr den Spendenvorgang und auf Grund steuerrechtlicher Vorschriften sowie von Geldw\u00e4schebestimmungen erforderlich. Bei Nichtbereitstellung k\u00f6nnen Spenden und Sponsorenleistungen nicht entgegengenommen werden.<\/p>\r\n<p><strong>5.5\u00a0\u00a0\u00a0\u00a0\u00a0\u00a0\u00a0 Beschreibung des berechtigten Interesses:<\/strong><\/p>\r\n<p>Personenbezogene Daten f\u00fcr die Zwecke der Einwerbung von Spenden, von Sponsorenleistungen und f\u00fcr allgemeine postalische Werbet\u00e4tigkeiten zur Erf\u00fcllung der Ziele der Organisation werden auf Grundlage des berechtigten Interesses der Organisation verarbeitet. Dadurch sollen die statutengem\u00e4\u00dfen bzw. satzungsgem\u00e4\u00dfen Organisationziele verwirklicht werden. Die Verarbeitung der personenbezogenen Daten zum Zwecke der Spendenwerbung stellt gem\u00e4\u00df Erw\u00e4gungsgrund 47 DSGVO ein berechtigtes Interesse dar, wenn die Verarbeitung f\u00fcr die Erf\u00fcllung des berechtigten Interesses erforderlich ist und den vern\u00fcnftigen Erwartungen des Betroffenen entspricht. Die Organisation verfolgt dabei im Interesse der \u00d6ffentlichkeit liegende Ziele gem\u00e4\u00df \u00a7 4a EStG bzw. \u00a7\u00a7 34 ff BAO. Die Erf\u00fcllung der von der \u00d6ffentlichkeit anerkannten Organisationsziele stellen somit berechtigte Interessen dar. Die Erf\u00fcllung dieser \u00f6ffentlich anerkannten Organisationsziele ist ohne Spenden nicht m\u00f6glich und somit erforderlich. Wir verarbeiten dabei personenbezogene Daten insbesondere um zielgerichtete Aktionen zur Erf\u00fcllung der Organisationsziele durchf\u00fchren zu k\u00f6nnen. Damit sollen insbesondere auch den Interessen von Spendern und Sponsoren bestm\u00f6glich entsprochen und Streuverluste vermieden werden. Dies soll auch daf\u00fcr sorgen, dass eingeworbene finanzielle Mittel im Interesse s\u00e4mtlicher die Organisation unterst\u00fctzende Personen m\u00f6glichst kostensparend eingesetzt werden k\u00f6nnen.<\/p>\r\n<p><strong>5.6\u00a0 \u00a0 \u00a0 \u00a0 \u00a0Quellen<\/strong><\/p>\r\n<p>Zudem verarbeiten wir Daten, die wir von Adressverlagen zul\u00e4ssigerweise erhalten haben. Dabei handelt es sich um grundlegende personenbezogene Daten wie Ihren Namen und Ihre Adresse. Diese Adressverlage sind zum Zweck der Vorbereitung und Durchf\u00fchrung von Marketingaktionen Dritter oder f\u00fcr das Listbroking zur Datenermittlung berechtigt (\u00a7151 GeWo).<\/p>\r\n<p><strong>5.7\u00a0 \u00a0 \u00a0 \u00a0 \u00a0Schutz Ihrer Rechte<\/strong><\/p>\r\n<p>Bei der Durchf\u00fchrung der postalischen und telefonischen Spendenkommunikation unterst\u00fctzen uns Dienstleister, die im Zuge ihrer T\u00e4tigkeiten Zugriff auf Ihre personenbezogenen Daten erlangen k\u00f6nnen, sofern diese die Daten zur Erf\u00fcllung ihrer jeweiligen Leistung ben\u00f6tigen. Diese haben sich zur Einhaltung der geltenden datenschutzrechtlichen Bestimmungen uns gegen\u00fcber verpflichtet. Es wurden Auftragsverarbeitungsvertr\u00e4ge gem\u00e4\u00df Art 28 DSGVO abgeschlossen. Wir arbeiten also nur mit Dienstleistern zusammen, die hinreichend Garantien daf\u00fcr bieten, dass geeignete technische und organisatorische Ma\u00dfnahmen so durchgef\u00fchrt werden, dass die Verarbeitung im Einklang mit den Anforderungen der datenschutzrechtlichen Bestimmungen erfolgt und den Schutz Ihrer Rechte gew\u00e4hrleistet.<\/p>\r\n<p><strong>5.8\u00a0\u00a0\u00a0\u00a0\u00a0\u00a0\u00a0 Zweck\u00e4nderungen<\/strong><\/p>\r\n<p>Personenbezogene Daten von Spendern, Sponsoren und Mitgliedern die auf vertraglicher Grundlage verarbeitet werden, werden wir auch zu Zwecken der Direktwerbung auf der Rechtsgrundlage des berechtigten Interesses f\u00fcr die Organisationsziele verwenden. Ihre Daten werden keinem Dritten \u00fcberlassen!<\/p>\r\n<ol start=\"6\">\r\n<li><strong> \u00a0Umgang mit personenbezogenen Daten<\/strong><\/li>\r\n<\/ol>\r\n<ul>\r\n<li>Wir verpflichten uns, das Datengeheimnis gem\u00e4\u00df den Bestimmungen des Datenschutzgesetzes zu wahren und die Datenschutzvorschriften einschlie\u00dflich der Datensicherheitsvorschriften zu erf\u00fcllen.<\/li>\r\n<li>Ist f\u00fcr die Verarbeitung Ihrer Daten Ihre Zustimmung notwendig, verarbeiten wir diese erst nach Ihrer ausdr\u00fccklichen Zustimmung.<\/li>\r\n<li>Grunds\u00e4tzlich verarbeiten wir keine Daten minderj\u00e4hriger Personen und sind dazu auch nicht befugt. Mit der Abgabe Ihrer Zustimmung best\u00e4tigen Sie, dass Sie das 14. Lebensjahr vollendet haben oder die Zustimmung Ihres gesetzlichen Vertreters vorliegt.<\/li>\r\n<li>Wir verarbeiten Ihre personenbezogenen Daten, sofern vorhanden und soweit f\u00fcr die genannten Zwecke erforderlich, bis zu Ihrem Widerspruch, sowie dar\u00fcber hinaus gem\u00e4\u00df den gesetzlichen Aufbewahrungs- und Dokumentationspflichten, die sich u.a. aus der Bundesabgabenordnung (BAO) ergeben.<\/li>\r\n<\/ul>\r\n<ol start=\"7\">\r\n<li><strong> \u00a0Kontaktaufnahme<\/strong><\/li>\r\n<\/ol>\r\n<p>Bei der Kontaktaufnahme mit uns (zum Beispiel per Kontaktformular oder E-Mail) werden die Angaben des Nutzers zwecks Bearbeitung der Anfrage sowie f\u00fcr den Fall, dass Anschlussfragen entstehen, gespeichert.<\/p>\r\n<ol start=\"8\">\r\n<li><strong> Ermittlung personenbezogene Daten durch Datenanwendungen:<\/strong><\/li>\r\n<\/ol>\r\n<p><strong>8.1\u00a0\u00a0\u00a0\u00a0\u00a0\u00a0\u00a0\u00a0 Zugriffsdaten\/Server-Logfiles<\/strong><\/p>\r\n<p>Unser Webseiten Hoster erhebt Daten \u00fcber jeden Zugriff auf die Website (so genannte Server-Logfiles). Zu den Zugriffsdaten geh\u00f6ren: Name der abgerufenen Webseite, Datei, Datum und Uhrzeit des Abrufs, \u00fcbertragene Datenmenge, Meldung \u00fcber erfolgreichen Abruf, Browsertyp nebst Version, das Betriebssystem des Nutzers, Referrer URL (die zuvor besuchte Seite), IP-Adresse und der anfragende Provider. Unser Webseiten Hoster verwendet die Protokolldaten nur f\u00fcr statistische Auswertungen zum Zweck des Betriebs, der Sicherheit und der Optimierung der Website. Unser Webseiten Hoster beh\u00e4lt sich jedoch vor, die Protokolldaten nachtr\u00e4glich zu \u00fcberpr\u00fcfen, wenn aufgrund konkreter Anhaltspunkte der berechtigte Verdacht einer rechtswidrigen Nutzung besteht.<\/p>\r\n<p><strong>8.2\u00a0\u00a0\u00a0\u00a0\u00a0\u00a0\u00a0 Einbindung von Diensten und Inhalten Dritter<\/strong><\/p>\r\n<p>Es kann vorkommen, dass innerhalb dieser Website Inhalte Dritter, wie zum Beispiel Videos von YouTube, Kartenmaterial von Google-Maps, RSS-Feeds oder Grafiken von anderen Webseiten eingebunden werden. Dies setzt immer voraus, dass die Anbieter dieser Inhalte (nachfolgend bezeichnet als \u201eDritt-Anbieter\u201c) die IP-Adresse der Nutzer wahrnehmen. Denn ohne die IP-Adresse, k\u00f6nnten sie die Inhalte nicht an den Browser des jeweiligen Nutzers senden. Die IP-Adresse ist damit f\u00fcr die Darstellung dieser Inhalte erforderlich. Wir bem\u00fchen uns nur solche Inhalte zu verwenden, deren jeweilige Anbieter die IP-Adresse lediglich zur Auslieferung der Inhalte verwenden. Jedoch haben wir keinen Einfluss darauf, falls die Dritt-Anbieter die IP-Adresse z.B. f\u00fcr statistische Zwecke speichern. Soweit dies uns bekannt ist, kl\u00e4ren wir die Nutzer dar\u00fcber auf.<\/p>\r\n<ol start=\"9\">\r\n<li><strong> Technische Daten<\/strong><\/li>\r\n<\/ol>\r\n<p>Diese Website wird von unserem Internet Service Provider EDIS GmbH www.edis.at gehostet. Die Gew\u00e4hrleistung der Sicherheit der Verarbeitung von Daten wurden mittels einer Datenschutzvereinbarung zugesichert. Alle Datenverarbeitungst\u00e4tigkeiten werden ausschlie\u00dflich innerhalb der EU bzw. des EWR durchgef\u00fchrt.<\/p>\r\n<ol start=\"10\">\r\n<li><strong> Ihre Rechte<\/strong><\/li>\r\n<\/ol>\r\n<p><strong>10.1\u00a0\u00a0\u00a0 Dateninfostelle [\u00a724 DSG, \u00a725 Abs 1 DSG]:<\/strong><\/p>\r\n<p>Der Nutzer hat das Recht, auf Antrag unentgeltlich Auskunft zu erhalten \u00fcber die personenbezogenen Daten, die \u00fcber ihn gespeichert wurden. Unsere Dateninfostelle erreichen Sie unter\u00a0<u>info@croc.at<\/u><\/p>\r\n<p><strong>10.2\u00a0\u00a0 Auskunftsrecht [\u00a726 DSG]:<\/strong><\/p>\r\n<p>Auf Ihre schriftliche Anfrage werden wir Sie \u00fcber die zu Ihrer Person gespeicherten Daten informieren.<\/p>\r\n<p><strong>10.3\u00a0\u00a0 Widerruf, \u00c4nderungen, Berichtigungen und Aktualisierungen<\/strong><\/p>\r\n<p>Soweit keine gesetzliche Aufbewahrungspflicht besteht, haben Sie das Recht auf L\u00f6schung dieser Daten sowie Widerspruch gegen die Verarbeitung zu Zwecken der Direktwerbung\/Spendenwerbung. In einem solchen Fall werden die bisher \u00fcber Sie gespeicherten Daten anonymisiert und in weiterer Folge lediglich f\u00fcr statistische Zwecke ohne Personenbezug weiterverwendet. Mittels des Widerrufs der Zustimmung wird die Rechtm\u00e4\u00dfigkeit der aufgrund der Zustimmung bis zum Widerruf erfolgten Verarbeitung nicht ber\u00fchrt. Ferner hat der Nutzer das Recht auf Berichtigung unrichtiger Daten,\u00a0sowie auf Einschr\u00e4nkung der Verarbeitung, auf Daten\u00fcbertragbarkeit sowie auf Beschwerde bei der \u00d6sterreichischen Datenschutzbeh\u00f6rde.<\/p>\r\n<ol start=\"11\">\r\n<li><strong> Google Analytics<\/strong><\/li>\r\n<\/ol>\r\n<p>Diese Website nutzt den Dienst \u201eGoogle Analytics\u201c, welcher von der Google Inc. (1600 Amphitheatre Parkway Mountain View, CA 94043, USA) angeboten wird, zur Analyse der Websitebenutzung durch Nutzer. Der Dienst verwendet \u201eCookies\u201c \u2013 Textdateien, welche auf Ihrem Endger\u00e4t gespeichert werden. Die durch die Cookies gesammelten Informationen werden im Regelfall an einen Google-Server in den USA gesandt und dort gespeichert.<br \/>Auf dieser Website greift die IP-Anonymisierung. Die IP-Adresse der Nutzer wird innerhalb der Mitgliedsstaaten der EU und des Europ\u00e4ischen Wirtschaftsraum gek\u00fcrzt. Durch diese K\u00fcrzung entf\u00e4llt der Personenbezug Ihrer IP-Adresse. Im Rahmen der Vereinbarung zur Auftragsdatenvereinbarung, welche die Websitebetreiber mit der Google Inc. geschlossen haben, erstellt diese mithilfe der gesammelten Informationen eine Auswertung der Websitenutzung und der Websiteaktivit\u00e4t und erbringt mit der Internetnutzung verbundene Dienstleistungen.<\/p>\r\n<p>Sie haben die M\u00f6glichkeit, die Speicherung des Cookies auf Ihrem Ger\u00e4t zu verhindern, indem Sie in Ihrem Browser entsprechende Einstellungen vornehmen bzw. Cookies ablehnen. Es ist nicht gew\u00e4hrleistet, dass Sie auf alle Funktionen dieser Website ohne Einschr\u00e4nkungen zugreifen k\u00f6nnen, wenn Ihr Browser keine Cookies zul\u00e4sst.<\/p>\r\n<p>Weiterhin k\u00f6nnen Sie durch ein Browser-Plugin verhindern, dass die durch Cookies gesammelten Informationen (inklusive Ihrer IP-Adresse) an die Google Inc. gesendet und von der Google Inc. genutzt werden.<\/p>\r\n<ol start=\"12\">\r\n<li><strong> Kontakt<\/strong><\/li>\r\n<\/ol>\r\n<p><strong>RC Alpentour<\/strong><br \/>Oberer Plattenweg 60\/5<br \/>8043 Graz<\/p>\r\n<p>+43 676 4194541<br \/><u>info@croc.at<\/u><\/p>\r\n","protected":false},"excerpt":{"rendered":"<p>&nbsp; Inhalt Diese Datenschutzerkl\u00e4rung kl\u00e4rt Nutzer \u00fcber die Art, den Umfang und Zwecke der Erhebung und Verwendung personenbezogener Daten durch uns als verantwortlicher Medieninhaber auf dieser Website auf. Weiters legt es auch die Art der gespeicherten Daten unserer F\u00f6rderer und Unterst\u00fctzer offen. Begriffsbestimmung Personenbezogene Daten sind Informationen, mit deren Hilfe eine Person bestimmbar ist, also&#8230;<\/p>\n","protected":false},"author":1,"featured_media":0,"parent":0,"menu_order":600,"comment_status":"closed","ping_status":"closed","template":"","meta":{"footnotes":""},"class_list":["post-12856","page","type-page","status-publish","hentry"],"_links":{"self":[{"href":"https:\/\/alpen-tour.at\/de\/wp-json\/wp\/v2\/pages\/12856"}],"collection":[{"href":"https:\/\/alpen-tour.at\/de\/wp-json\/wp\/v2\/pages"}],"about":[{"href":"https:\/\/alpen-tour.at\/de\/wp-json\/wp\/v2\/types\/page"}],"author":[{"embeddable":true,"href":"https:\/\/alpen-tour.at\/de\/wp-json\/wp\/v2\/users\/1"}],"replies":[{"embeddable":true,"href":"https:\/\/alpen-tour.at\/de\/wp-json\/wp\/v2\/comments?post=12856"}],"version-history":[{"count":4,"href":"https:\/\/alpen-tour.at\/de\/wp-json\/wp\/v2\/pages\/12856\/revisions"}],"predecessor-version":[{"id":13099,"href":"https:\/\/alpen-tour.at\/de\/wp-json\/wp\/v2\/pages\/12856\/revisions\/13099"}],"wp:attachment":[{"href":"https:\/\/alpen-tour.at\/de\/wp-json\/wp\/v2\/media?parent=12856"}],"curies":[{"name":"wp","href":"https:\/\/api.w.org\/{rel}","templated":true}]}}