{"id":11315,"date":"2022-04-09T20:48:17","date_gmt":"2022-04-09T18:48:17","guid":{"rendered":"https:\/\/alpen-tour.at\/?page_id=11315"},"modified":"2023-02-21T08:01:25","modified_gmt":"2023-02-21T07:01:25","slug":"kategorie-e-bike-fun-solo","status":"publish","type":"page","link":"https:\/\/alpen-tour.at\/de\/kategorie-e-bike-fun-solo\/","title":{"rendered":"E-Bike FUN Solo"},"content":{"rendered":"<section class=\"l-section wpb_row height_auto\"><div class=\"l-section-h i-cf\"><div class=\"g-cols vc_row via_grid cols_2 laptops-cols_inherit tablets-cols_inherit mobiles-cols_1 valign_top type_boxes stacking_default\" style=\"--columns-gap:0rem;\"><div class=\"wpb_column vc_column_container us_custom_4af2136c has_bg_color\"><div class=\"vc_column-inner\"><div class=\"w-separator size_custom\" style=\"height:320px\" id=\"m834\"><style>@media(max-width:1024px){ #m834{height:320!important}}<\/style><\/div><\/div><\/div><div class=\"wpb_column vc_column_container\"><div class=\"vc_column-inner\"><div class=\"wpb_text_column\"><div class=\"wpb_wrapper\"><h5><span class=\"wie-H3\"><strong><span class=\"wie-H1 wie-H2\">ALPENTOUR E-Bike FUN Solo<br \/>\n<\/span><\/strong><\/span><\/h5>\n<\/div><\/div><div class=\"w-separator size_small\"><\/div><div class=\"wpb_text_column\"><div class=\"wpb_wrapper\"><ul style=\"font-weight: 400;\">\n<li>Die Teilnehmer der Kategorie<strong> E-Bike FUN Solo<\/strong> fahren die gleiche Strecke wie alle anderen Teilnehmer.<\/li>\n<li>Kategorien: Frauen und M\u00e4nner<\/li>\n<li>Der Start erfolgt t\u00e4glich 10 -15 Minuten nach dem offiziellen Start, au\u00dfer am letzten Tag beim Einzelzeitfahren starten die E-Bikerinnen und E-Biker zuerst.<\/li>\n<li>Zeitmessung mit Chip, es gibt eine Liste mit der jeweiligen individuellen Zeit, und somit keine Tages- und Gesamtwertung.<\/li>\n<li>Unter den Teilnehmerinnen und Teilnehmern werden 3 Gratis-Teilnahmen f\u00fcr die Alpentour 2024 verlost.<\/li>\n<li>Finisher Medaille nach der letzten Etappe<\/li>\n<li>Starter Package wie alle Teilnehmer<\/li>\n<\/ul>\n<\/div><\/div><\/div><\/div><\/div><\/div><\/section>\n","protected":false},"excerpt":{"rendered":"ALPENTOUR E-Bike FUN Solo Die Teilnehmer der Kategorie E-Bike FUN Solo fahren die gleiche Strecke wie alle anderen Teilnehmer. Kategorien: Frauen und M\u00e4nner Der Start erfolgt t\u00e4glich 10 -15 Minuten nach dem offiziellen Start, au\u00dfer am letzten Tag beim Einzelzeitfahren starten die E-Bikerinnen und E-Biker zuerst. Zeitmessung mit Chip, es gibt eine Liste mit der...","protected":false},"author":1,"featured_media":0,"parent":0,"menu_order":14,"comment_status":"closed","ping_status":"closed","template":"","meta":{"footnotes":""},"class_list":["post-11315","page","type-page","status-publish","hentry"],"_links":{"self":[{"href":"https:\/\/alpen-tour.at\/de\/wp-json\/wp\/v2\/pages\/11315"}],"collection":[{"href":"https:\/\/alpen-tour.at\/de\/wp-json\/wp\/v2\/pages"}],"about":[{"href":"https:\/\/alpen-tour.at\/de\/wp-json\/wp\/v2\/types\/page"}],"author":[{"embeddable":true,"href":"https:\/\/alpen-tour.at\/de\/wp-json\/wp\/v2\/users\/1"}],"replies":[{"embeddable":true,"href":"https:\/\/alpen-tour.at\/de\/wp-json\/wp\/v2\/comments?post=11315"}],"version-history":[{"count":8,"href":"https:\/\/alpen-tour.at\/de\/wp-json\/wp\/v2\/pages\/11315\/revisions"}],"predecessor-version":[{"id":24099,"href":"https:\/\/alpen-tour.at\/de\/wp-json\/wp\/v2\/pages\/11315\/revisions\/24099"}],"wp:attachment":[{"href":"https:\/\/alpen-tour.at\/de\/wp-json\/wp\/v2\/media?parent=11315"}],"curies":[{"name":"wp","href":"https:\/\/api.w.org\/{rel}","templated":true}]}}